{"id":951,"date":"2025-03-18T17:13:20","date_gmt":"2025-03-18T16:13:20","guid":{"rendered":"https:\/\/shushinkanaikikai.es\/?page_id=951"},"modified":"2025-05-14T13:28:47","modified_gmt":"2025-05-14T11:28:47","slug":"la-etiqueta","status":"publish","type":"page","link":"https:\/\/shushinkanaikikai.es\/en\/la-etiqueta\/","title":{"rendered":"THE ETIQUETTE"},"content":{"rendered":"<div data-elementor-type=\"wp-page\" data-elementor-id=\"951\" class=\"elementor elementor-951\">\n\t\t\t\t<div class=\"elementor-element elementor-element-b83eaa4 e-flex e-con-boxed e-con e-parent\" data-id=\"b83eaa4\" data-element_type=\"container\" data-e-type=\"container\">\n\t\t\t\t\t<div class=\"e-con-inner\">\n\t\t\t\t<div class=\"elementor-element elementor-element-71b07b4 elementor-widget elementor-widget-heading\" data-id=\"71b07b4\" data-element_type=\"widget\" data-e-type=\"widget\" data-widget_type=\"heading.default\">\n\t\t\t\t<div class=\"elementor-widget-container\">\n\t\t\t\t\t<h2 class=\"elementor-heading-title elementor-size-default\">THE ETIQUETTE<\/h2>\t\t\t\t<\/div>\n\t\t\t\t<\/div>\n\t\t\t\t\t<\/div>\n\t\t\t\t<\/div>\n\t\t<div class=\"elementor-element elementor-element-606bf68 e-flex e-con-boxed e-con e-parent\" data-id=\"606bf68\" data-element_type=\"container\" data-e-type=\"container\">\n\t\t\t\t\t<div class=\"e-con-inner\">\n\t\t\t\t<div class=\"elementor-element elementor-element-1a4d235 elementor-widget elementor-widget-text-editor\" data-id=\"1a4d235\" data-element_type=\"widget\" data-e-type=\"widget\" data-widget_type=\"text-editor.default\">\n\t\t\t\t<div class=\"elementor-widget-container\">\n\t\t\t\t\t\t\t\t\t<p>Etiquette, as a set of rules to be observed while on the tatami, is an important aspect of budo practice. The rules it presents are rooted in Japanese norms of courtesy, philosophy, and culture.<\/p>\n<p>As with the execution of techniques, the strictness of these rules varies among different schools. On the other hand, in the West, where rules of etiquette, due to cultural tradition, are not as strict, there is a general tendency to be more lax. But there seems no doubt that attention to etiquette helps us distance ourselves from our daily activities and adopt a state of mind conducive to practice.<\/p>\t\t\t\t\t\t\t\t<\/div>\n\t\t\t\t<\/div>\n\t\t\t\t\t<\/div>\n\t\t\t\t<\/div>\n\t\t<div class=\"elementor-element elementor-element-29b5738 e-grid e-con-boxed e-con e-parent\" data-id=\"29b5738\" data-element_type=\"container\" data-e-type=\"container\">\n\t\t\t\t\t<div class=\"e-con-inner\">\n\t\t\t\t<div class=\"elementor-element elementor-element-14512fb elementor-widget elementor-widget-image\" data-id=\"14512fb\" data-element_type=\"widget\" data-e-type=\"widget\" data-widget_type=\"image.default\">\n\t\t\t\t<div class=\"elementor-widget-container\">\n\t\t\t\t\t\t\t\t\t\t\t\t\t\t\t<img fetchpriority=\"high\" decoding=\"async\" width=\"257\" height=\"254\" src=\"https:\/\/shushinkanaikikai.es\/wp-content\/uploads\/2025\/03\/disposicic3b3n-dojo.webp\" class=\"attachment-medium size-medium wp-image-953\" alt=\"\" \/>\t\t\t\t\t\t\t\t\t\t\t\t\t\t\t<\/div>\n\t\t\t\t<\/div>\n\t\t\t\t<div class=\"elementor-element elementor-element-605e638 elementor-widget elementor-widget-text-editor\" data-id=\"605e638\" data-element_type=\"widget\" data-e-type=\"widget\" data-widget_type=\"text-editor.default\">\n\t\t\t\t<div class=\"elementor-widget-container\">\n\t\t\t\t\t\t\t\t\t<p>The space designated for the practice and teaching of aikido is the dojo (Do (\u9053), way \u2013 Jo (\u5834), place). The front area (in the Japanese tradition, facing north) is called the kamiza, and is where we will usually find an image of O Sensei and the kanji for the term aikido.<\/p>\n<p>The area on the opposite (southern) wall is called shimoza. The east and west sides are called joseki and shimoseki, respectively.<\/p>\t\t\t\t\t\t\t\t<\/div>\n\t\t\t\t<\/div>\n\t\t\t\t\t<\/div>\n\t\t\t\t<\/div>\n\t\t<div class=\"elementor-element elementor-element-81bbd72 e-flex e-con-boxed e-con e-parent\" data-id=\"81bbd72\" data-element_type=\"container\" data-e-type=\"container\">\n\t\t\t\t\t<div class=\"e-con-inner\">\n\t\t<div class=\"elementor-element elementor-element-aa14509 e-grid e-con-full e-con e-child\" data-id=\"aa14509\" data-element_type=\"container\" data-e-type=\"container\">\n\t\t\t\t<div class=\"elementor-element elementor-element-8598456 elementor-widget elementor-widget-text-editor\" data-id=\"8598456\" data-element_type=\"widget\" data-e-type=\"widget\" data-widget_type=\"text-editor.default\">\n\t\t\t\t<div class=\"elementor-widget-container\">\n\t\t\t\t\t\t\t\t\t<p>We shouldn't consider the dojo like a gym; there should be no competitive spirit on the mat. The sensei's teachings should help educate the body and spirit, in an atmosphere of respect, sincerity, and modesty, essential for the serenity of practitioners.<\/p>\n<p>At the beginning and end of each class, the sensei stands in front of the kamiza and the students occupy a row \u2013 or more if they do not fit \u2013 all sitting in seiza, ordered from highest to lowest rank from the right side (joseki) to the left (shimoseki).<\/p>\t\t\t\t\t\t\t\t<\/div>\n\t\t\t\t<\/div>\n\t\t\t\t<div class=\"elementor-element elementor-element-3c95cb8 elementor-widget elementor-widget-image\" data-id=\"3c95cb8\" data-element_type=\"widget\" data-e-type=\"widget\" data-widget_type=\"image.default\">\n\t\t\t\t<div class=\"elementor-widget-container\">\n\t\t\t\t\t\t\t\t\t\t\t\t\t\t\t<img decoding=\"async\" width=\"155\" height=\"225\" src=\"https:\/\/shushinkanaikikai.es\/wp-content\/uploads\/2025\/03\/kamiza.webp\" class=\"attachment-medium size-medium wp-image-954\" alt=\"\" \/>\t\t\t\t\t\t\t\t\t\t\t\t\t\t\t<\/div>\n\t\t\t\t<\/div>\n\t\t\t\t<\/div>\n\t\t\t\t\t<\/div>\n\t\t\t\t<\/div>\n\t\t<div class=\"elementor-element elementor-element-4f6b64d e-grid e-con-boxed e-con e-parent\" data-id=\"4f6b64d\" data-element_type=\"container\" data-e-type=\"container\">\n\t\t\t\t\t<div class=\"e-con-inner\">\n\t\t\t\t<div class=\"elementor-element elementor-element-4998f93 elementor-widget elementor-widget-image\" data-id=\"4998f93\" data-element_type=\"widget\" data-e-type=\"widget\" data-widget_type=\"image.default\">\n\t\t\t\t<div class=\"elementor-widget-container\">\n\t\t\t\t\t\t\t\t\t\t\t\t\t\t\t<img decoding=\"async\" width=\"300\" height=\"199\" src=\"https:\/\/shushinkanaikikai.es\/wp-content\/uploads\/2025\/03\/reigi.webp\" class=\"attachment-medium size-medium wp-image-955\" alt=\"\" \/>\t\t\t\t\t\t\t\t\t\t\t\t\t\t\t<\/div>\n\t\t\t\t<\/div>\n\t\t\t\t<div class=\"elementor-element elementor-element-5e68a0b elementor-widget elementor-widget-text-editor\" data-id=\"5e68a0b\" data-element_type=\"widget\" data-e-type=\"widget\" data-widget_type=\"text-editor.default\">\n\t\t\t\t<div class=\"elementor-widget-container\">\n\t\t\t\t\t\t\t\t\t<p>At the beginning and end of each class, the sensei stands in front of the kamiza and the students occupy a row \u2013 or more if they do not fit \u2013 all sitting in seiza, ordered from highest to lowest rank from the right side (joseki) to the left (shimoseki).<\/p>\t\t\t\t\t\t\t\t<\/div>\n\t\t\t\t<\/div>\n\t\t\t\t\t<\/div>\n\t\t\t\t<\/div>\n\t\t<div class=\"elementor-element elementor-element-bbd3e3b e-flex e-con-boxed e-con e-parent\" data-id=\"bbd3e3b\" data-element_type=\"container\" data-e-type=\"container\">\n\t\t\t\t\t<div class=\"e-con-inner\">\n\t\t\t\t<div class=\"elementor-element elementor-element-222e222 elementor-widget elementor-widget-heading\" data-id=\"222e222\" data-element_type=\"widget\" data-e-type=\"widget\" data-widget_type=\"heading.default\">\n\t\t\t\t<div class=\"elementor-widget-container\">\n\t\t\t\t\t<h2 class=\"elementor-heading-title elementor-size-default\">When entering and leaving the dojo, a standing bow should be made in the direction of the kamiza, called ritsu rei.<\/h2>\t\t\t\t<\/div>\n\t\t\t\t<\/div>\n\t\t\t\t\t<\/div>\n\t\t\t\t<\/div>\n\t\t<div class=\"elementor-element elementor-element-61b9f82 e-grid e-con-boxed e-con e-parent\" data-id=\"61b9f82\" data-element_type=\"container\" data-e-type=\"container\">\n\t\t\t\t\t<div class=\"e-con-inner\">\n\t\t\t\t<div class=\"elementor-element elementor-element-165c0d9 elementor-widget elementor-widget-text-editor\" data-id=\"165c0d9\" data-element_type=\"widget\" data-e-type=\"widget\" data-widget_type=\"text-editor.default\">\n\t\t\t\t<div class=\"elementor-widget-container\">\n\t\t\t\t\t\t\t\t\t<p>It's important to arrive on time to participate in the opening greeting; if you arrive late, you must remain seated next to the tatami mat until the sensei gives permission to enter.<\/p>\n<p>During work, the proper way to sit is in seiza. Occasionally, sitting with your legs crossed (agura) is permissible, but never reclining or leaning your back against a wall or any other object.<\/p>\t\t\t\t\t\t\t\t<\/div>\n\t\t\t\t<\/div>\n\t\t\t\t<div class=\"elementor-element elementor-element-cecbead elementor-widget elementor-widget-image\" data-id=\"cecbead\" data-element_type=\"widget\" data-e-type=\"widget\" data-widget_type=\"image.default\">\n\t\t\t\t<div class=\"elementor-widget-container\">\n\t\t\t\t\t\t\t\t\t\t\t\t\t\t\t<img loading=\"lazy\" decoding=\"async\" width=\"184\" height=\"138\" src=\"https:\/\/shushinkanaikikai.es\/wp-content\/uploads\/2025\/03\/aikidomalaga.webp\" class=\"attachment-medium size-medium wp-image-956\" alt=\"\" \/>\t\t\t\t\t\t\t\t\t\t\t\t\t\t\t<\/div>\n\t\t\t\t<\/div>\n\t\t\t\t\t<\/div>\n\t\t\t\t<\/div>\n\t\t<div class=\"elementor-element elementor-element-a39392b e-flex e-con-boxed e-con e-parent\" data-id=\"a39392b\" data-element_type=\"container\" data-e-type=\"container\">\n\t\t\t\t\t<div class=\"e-con-inner\">\n\t\t\t\t<div class=\"elementor-element elementor-element-f9bc39b elementor-widget elementor-widget-text-editor\" data-id=\"f9bc39b\" data-element_type=\"widget\" data-e-type=\"widget\" data-widget_type=\"text-editor.default\">\n\t\t\t\t<div class=\"elementor-widget-container\">\n\t\t\t\t\t\t\t\t\t<p>When the sensei teaches a technique, it is proper to remain in seiza, silent, and attentive to the explanation. Once the technique is finished, one bows to the sensei and then to a partner, and the practice begins. Similarly, when the sensei indicates the end of a technique, one bows to the partner and returns to the seiza position.<\/p>\n<p>During practice, it is generally accepted that if someone understands the technique and their partner doesn't, they can guide them without giving orders or correcting them, unless authorized to do so. Of all the practitioners, the sempai are the most experienced; the last to arrive at the dojo are the kohai.<\/p>\n<p>One of the values \u200b\u200bcultivated in the dojo is respect, respect shown towards the dojo itself, as a physical and spiritual place of personal development, towards fellow practitioners, towards sempai, towards the sensei and finally, towards O Sensei.<\/p>\t\t\t\t\t\t\t\t<\/div>\n\t\t\t\t<\/div>\n\t\t\t\t\t<\/div>\n\t\t\t\t<\/div>\n\t\t<div class=\"elementor-element elementor-element-d5e7e6a e-flex e-con-boxed e-con e-parent\" data-id=\"d5e7e6a\" data-element_type=\"container\" data-e-type=\"container\">\n\t\t\t\t\t<div class=\"e-con-inner\">\n\t\t\t\t<div class=\"elementor-element elementor-element-09750fc elementor-widget elementor-widget-image\" data-id=\"09750fc\" data-element_type=\"widget\" data-e-type=\"widget\" data-widget_type=\"image.default\">\n\t\t\t\t<div class=\"elementor-widget-container\">\n\t\t\t\t\t\t\t\t\t\t\t\t\t\t\t<img loading=\"lazy\" decoding=\"async\" width=\"660\" height=\"731\" src=\"https:\/\/shushinkanaikikai.es\/wp-content\/uploads\/2025\/03\/kisshomaru_ueshiba.webp\" class=\"attachment-large size-large wp-image-957\" alt=\"\" srcset=\"https:\/\/shushinkanaikikai.es\/wp-content\/uploads\/2025\/03\/kisshomaru_ueshiba.webp 660w, https:\/\/shushinkanaikikai.es\/wp-content\/uploads\/2025\/03\/kisshomaru_ueshiba-271x300.webp 271w\" sizes=\"(max-width: 660px) 100vw, 660px\" \/>\t\t\t\t\t\t\t\t\t\t\t\t\t\t\t<\/div>\n\t\t\t\t<\/div>\n\t\t\t\t\t<\/div>\n\t\t\t\t<\/div>\n\t\t\t\t<\/div>","protected":false},"excerpt":{"rendered":"<p>La Etiqueta La etiqueta, como conjunto de normas que deben observarse mientras se est\u00e1 en el tatami, es un aspecto importante en la pr\u00e1ctica del budo. Las reglas que presenta est\u00e1n entroncadas con las normas de cortes\u00eda, filosof\u00eda y culturas japonesas. Como ocurre con la ejecuci\u00f3n de las t\u00e9cnicas, la rigidez en la aplicaci\u00f3n de [&hellip;]<\/p>\n","protected":false},"author":1,"featured_media":0,"parent":0,"menu_order":0,"comment_status":"closed","ping_status":"closed","template":"","meta":{"site-sidebar-layout":"no-sidebar","site-content-layout":"page-builder","ast-site-content-layout":"full-width-container","site-content-style":"default","site-sidebar-style":"default","ast-global-header-display":"","ast-banner-title-visibility":"","ast-main-header-display":"","ast-hfb-above-header-display":"","ast-hfb-below-header-display":"","ast-hfb-mobile-header-display":"","site-post-title":"disabled","ast-breadcrumbs-content":"","ast-featured-img":"disabled","footer-sml-layout":"","theme-transparent-header-meta":"","adv-header-id-meta":"","stick-header-meta":"","header-above-stick-meta":"","header-main-stick-meta":"","header-below-stick-meta":"","astra-migrate-meta-layouts":"set","ast-page-background-enabled":"default","ast-page-background-meta":{"desktop":{"background-color":"","background-image":"","background-repeat":"repeat","background-position":"center center","background-size":"auto","background-attachment":"scroll","background-type":"","background-media":"","overlay-type":"","overlay-color":"","overlay-opacity":"","overlay-gradient":""},"tablet":{"background-color":"","background-image":"","background-repeat":"repeat","background-position":"center center","background-size":"auto","background-attachment":"scroll","background-type":"","background-media":"","overlay-type":"","overlay-color":"","overlay-opacity":"","overlay-gradient":""},"mobile":{"background-color":"","background-image":"","background-repeat":"repeat","background-position":"center center","background-size":"auto","background-attachment":"scroll","background-type":"","background-media":"","overlay-type":"","overlay-color":"","overlay-opacity":"","overlay-gradient":""}},"ast-content-background-meta":{"desktop":{"background-color":"var(--ast-global-color-5)","background-image":"","background-repeat":"repeat","background-position":"center center","background-size":"auto","background-attachment":"scroll","background-type":"","background-media":"","overlay-type":"","overlay-color":"","overlay-opacity":"","overlay-gradient":""},"tablet":{"background-color":"var(--ast-global-color-5)","background-image":"","background-repeat":"repeat","background-position":"center center","background-size":"auto","background-attachment":"scroll","background-type":"","background-media":"","overlay-type":"","overlay-color":"","overlay-opacity":"","overlay-gradient":""},"mobile":{"background-color":"var(--ast-global-color-5)","background-image":"","background-repeat":"repeat","background-position":"center center","background-size":"auto","background-attachment":"scroll","background-type":"","background-media":"","overlay-type":"","overlay-color":"","overlay-opacity":"","overlay-gradient":""}},"footnotes":""},"class_list":["post-951","page","type-page","status-publish","hentry"],"_links":{"self":[{"href":"https:\/\/shushinkanaikikai.es\/en\/wp-json\/wp\/v2\/pages\/951","targetHints":{"allow":["GET"]}}],"collection":[{"href":"https:\/\/shushinkanaikikai.es\/en\/wp-json\/wp\/v2\/pages"}],"about":[{"href":"https:\/\/shushinkanaikikai.es\/en\/wp-json\/wp\/v2\/types\/page"}],"author":[{"embeddable":true,"href":"https:\/\/shushinkanaikikai.es\/en\/wp-json\/wp\/v2\/users\/1"}],"replies":[{"embeddable":true,"href":"https:\/\/shushinkanaikikai.es\/en\/wp-json\/wp\/v2\/comments?post=951"}],"version-history":[{"count":10,"href":"https:\/\/shushinkanaikikai.es\/en\/wp-json\/wp\/v2\/pages\/951\/revisions"}],"predecessor-version":[{"id":1157,"href":"https:\/\/shushinkanaikikai.es\/en\/wp-json\/wp\/v2\/pages\/951\/revisions\/1157"}],"wp:attachment":[{"href":"https:\/\/shushinkanaikikai.es\/en\/wp-json\/wp\/v2\/media?parent=951"}],"curies":[{"name":"wp","href":"https:\/\/api.w.org\/{rel}","templated":true}]}}