{"id":916,"date":"2025-01-20T18:42:53","date_gmt":"2025-01-20T17:42:53","guid":{"rendered":"https:\/\/shushinkanaikikai.es\/?page_id=916"},"modified":"2025-05-14T13:38:20","modified_gmt":"2025-05-14T11:38:20","slug":"exigencias-para-graduacion","status":"publish","type":"page","link":"https:\/\/shushinkanaikikai.es\/en\/exigencias-para-graduacion\/","title":{"rendered":"Exigencias para la graduaci\u00f3n"},"content":{"rendered":"<div data-elementor-type=\"wp-page\" data-elementor-id=\"916\" class=\"elementor elementor-916\">\n\t\t\t\t<div class=\"elementor-element elementor-element-ef1c3db e-flex e-con-boxed e-con e-parent\" data-id=\"ef1c3db\" data-element_type=\"container\" data-e-type=\"container\">\n\t\t\t\t\t<div class=\"e-con-inner\">\n\t\t\t\t<div class=\"elementor-element elementor-element-e71c1b8 elementor-widget elementor-widget-heading\" data-id=\"e71c1b8\" data-element_type=\"widget\" data-e-type=\"widget\" data-widget_type=\"heading.default\">\n\t\t\t\t<div class=\"elementor-widget-container\">\n\t\t\t\t\t<h2 class=\"elementor-heading-title elementor-size-default\">Requirements for graduation<\/h2>\t\t\t\t<\/div>\n\t\t\t\t<\/div>\n\t\t\t\t\t<\/div>\n\t\t\t\t<\/div>\n\t\t<div class=\"elementor-element elementor-element-1e2c120 e-flex e-con-boxed e-con e-parent\" data-id=\"1e2c120\" data-element_type=\"container\" data-e-type=\"container\">\n\t\t\t\t\t<div class=\"e-con-inner\">\n\t\t\t\t<div class=\"elementor-element elementor-element-642c583 elementor-widget elementor-widget-text-editor\" data-id=\"642c583\" data-element_type=\"widget\" data-e-type=\"widget\" data-widget_type=\"text-editor.default\">\n\t\t\t\t<div class=\"elementor-widget-container\">\n\t\t\t\t\t\t\t\t\t<p>Aikido doesn't have competitions or tournaments. Our school conducts annual evaluations for graduation. The grading system allows for an assessment of each student's learning level, while exam preparation generates internal changes in both the students taking the exam and their peers, in relation to the demands they must meet. This also develops a sense of effort and concentration, in addition to fostering non-competitive collaboration and assistance.<\/p>\n<p>Although assessment is ongoing, preparing for and taking exams and changing grades become an incentive, a short-term goal for each individual.<\/p>\n<p>Preparation for the presentation contributes to the deepening and acquisition of knowledge, as well as to personal and group growth and improvement. With the collaboration of their peers, each student works to develop their own perception and ways of resolving the difficulties posed by the practice of Aikido and, consequently, by life itself.<\/p>\n<p>The grading system allows for the determination of each student's practice time and learning level, and also serves as support for those newer to their journey. It is not a system of power or subservience toward those with a lower grading, but rather one of service and collaboration with those less experienced. The higher the grading, the greater the responsibility toward the dojo and their fellow students.<\/p>\n<p>Kyu ranks are awarded by Shushinkan Aikikai, whose current president is Jos\u00e9 Luis Cal\u00f3, while Dan (black belt) ranks are awarded by the Aikikai Foundation (Hombu Dojo \u2013 Tokyo, Japan), whose current president is Doshu Ueshiba Moriteru.<\/p>\t\t\t\t\t\t\t\t<\/div>\n\t\t\t\t<\/div>\n\t\t\t\t\t<\/div>\n\t\t\t\t<\/div>\n\t\t<div class=\"elementor-element elementor-element-a9b648f e-flex e-con-boxed e-con e-parent\" data-id=\"a9b648f\" data-element_type=\"container\" data-e-type=\"container\">\n\t\t\t\t\t<div class=\"e-con-inner\">\n\t\t\t\t<div class=\"elementor-element elementor-element-8f60f7c elementor-widget elementor-widget-spacer\" data-id=\"8f60f7c\" data-element_type=\"widget\" data-e-type=\"widget\" data-widget_type=\"spacer.default\">\n\t\t\t\t<div class=\"elementor-widget-container\">\n\t\t\t\t\t\t\t<div class=\"elementor-spacer\">\n\t\t\t<div class=\"elementor-spacer-inner\"><\/div>\n\t\t<\/div>\n\t\t\t\t\t\t<\/div>\n\t\t\t\t<\/div>\n\t\t\t\t\t<\/div>\n\t\t\t\t<\/div>\n\t\t<div class=\"elementor-element elementor-element-7a57521 e-flex e-con-boxed e-con e-parent\" data-id=\"7a57521\" data-element_type=\"container\" data-e-type=\"container\">\n\t\t\t\t\t<div class=\"e-con-inner\">\n\t\t\t\t<div class=\"elementor-element elementor-element-bf6ff8d elementor-widget elementor-widget-heading\" data-id=\"bf6ff8d\" data-element_type=\"widget\" data-e-type=\"widget\" data-widget_type=\"heading.default\">\n\t\t\t\t<div class=\"elementor-widget-container\">\n\t\t\t\t\t<h2 class=\"elementor-heading-title elementor-size-default\">Theoretical knowledge: What is Aikido? Who is O-Sensei? What is a Dojo? Who was Yamada Yoshimitsu Sensei? What is Dojo Etiquette or Rules? Examples: What is the role of Nage? What is the role of Uke? What is Ma Ai?<\/h2>\t\t\t\t<\/div>\n\t\t\t\t<\/div>\n\t\t\t\t\t<\/div>\n\t\t\t\t<\/div>\n\t\t<div class=\"elementor-element elementor-element-12377af e-flex e-con-boxed e-con e-parent\" data-id=\"12377af\" data-element_type=\"container\" data-e-type=\"container\">\n\t\t\t\t\t<div class=\"e-con-inner\">\n\t\t\t\t<div class=\"elementor-element elementor-element-6299750 elementor-widget elementor-widget-spacer\" data-id=\"6299750\" data-element_type=\"widget\" data-e-type=\"widget\" data-widget_type=\"spacer.default\">\n\t\t\t\t<div class=\"elementor-widget-container\">\n\t\t\t\t\t\t\t<div class=\"elementor-spacer\">\n\t\t\t<div class=\"elementor-spacer-inner\"><\/div>\n\t\t<\/div>\n\t\t\t\t\t\t<\/div>\n\t\t\t\t<\/div>\n\t\t\t\t\t<\/div>\n\t\t\t\t<\/div>\n\t\t<div class=\"elementor-element elementor-element-e7b2477 e-grid e-con-boxed e-con e-parent\" data-id=\"e7b2477\" data-element_type=\"container\" data-e-type=\"container\">\n\t\t\t\t\t<div class=\"e-con-inner\">\n\t\t\t\t<div class=\"elementor-element elementor-element-558fcc4 elementor-widget elementor-widget-heading\" data-id=\"558fcc4\" data-element_type=\"widget\" data-e-type=\"widget\" data-widget_type=\"heading.default\">\n\t\t\t\t<div class=\"elementor-widget-container\">\n\t\t\t\t\t<h2 class=\"elementor-heading-title elementor-size-default\">Rokukyu (6\u00b0Kyu)<\/h2>\t\t\t\t<\/div>\n\t\t\t\t<\/div>\n\t\t\t\t<div class=\"elementor-element elementor-element-62c03c2 elementor-widget elementor-widget-heading\" data-id=\"62c03c2\" data-element_type=\"widget\" data-e-type=\"widget\" data-widget_type=\"heading.default\">\n\t\t\t\t<div class=\"elementor-widget-container\">\n\t\t\t\t\t<h2 class=\"elementor-heading-title elementor-size-default\">Gokyu (5\u00b0 kyu)<\/h2>\t\t\t\t<\/div>\n\t\t\t\t<\/div>\n\t\t\t\t\t<\/div>\n\t\t\t\t<\/div>\n\t\t<div class=\"elementor-element elementor-element-d06eed2 e-grid e-con-boxed e-con e-parent\" data-id=\"d06eed2\" data-element_type=\"container\" data-e-type=\"container\">\n\t\t\t\t\t<div class=\"e-con-inner\">\n\t\t\t\t<div class=\"elementor-element elementor-element-ffdb15c elementor-widget elementor-widget-heading\" data-id=\"ffdb15c\" data-element_type=\"widget\" data-e-type=\"widget\" data-widget_type=\"heading.default\">\n\t\t\t\t<div class=\"elementor-widget-container\">\n\t\t\t\t\t<h2 class=\"elementor-heading-title elementor-size-default\">40 days of practice<\/h2>\t\t\t\t<\/div>\n\t\t\t\t<\/div>\n\t\t\t\t<div class=\"elementor-element elementor-element-5c2b697 elementor-widget elementor-widget-heading\" data-id=\"5c2b697\" data-element_type=\"widget\" data-e-type=\"widget\" data-widget_type=\"heading.default\">\n\t\t\t\t<div class=\"elementor-widget-container\">\n\t\t\t\t\t<h2 class=\"elementor-heading-title elementor-size-default\">50 days of practice from 6th kyu\n         <\/h2>\t\t\t\t<\/div>\n\t\t\t\t<\/div>\n\t\t\t\t<div class=\"elementor-element elementor-element-275ce23 elementor-widget elementor-widget-text-editor\" data-id=\"275ce23\" data-element_type=\"widget\" data-e-type=\"widget\" data-widget_type=\"text-editor.default\">\n\t\t\t\t<div class=\"elementor-widget-container\">\n\t\t\t\t\t\t\t\t\t<p>Postures: Tachirei \u2013 Hanmi (Migi, hidari) \u2013 Seiza \u2013 Zarei \u2013 Kiza \u2013 Shikko<\/p><p>Movements (Tai Sabaki): Irimi \u2013 Tenkan \u2013 Irimitenkan \u2013 Kokyu Undo \u2013 Ikkyo Undo \u2013 Funakogi Undo (rowing exercise) \u2013 Katatedori gyakuhanmi Tai no henko (tenkan)<\/p><p>Katatedori Gyakuhanmi:<br \/>Sumiotoshi<br \/>Tenchinage<br \/>Kokyuho<br \/>Uchikaitennage<br \/>Katatedori Aihanmi:<br \/>Iriminage<br \/>Kotegaeshi<br \/>Ikkyo<br \/>Shihonage<br \/>Kokyu Doza \u2013 Zagi kokyuho<br \/>Requested by the Examiner<br \/>Attacks: Katatedori Gyakuhanmi \u2013 Katatedori Aihanmi \u2013 Ryotedori \u2013 Shomenuchi<br \/>Ukemis: Ushiro ukemi (squat, standing) \u2013 Yoko Ukemi (side fall) \u2013 Ushiro Yokokaiten ukemi<\/p>\t\t\t\t\t\t\t\t<\/div>\n\t\t\t\t<\/div>\n\t\t\t\t<div class=\"elementor-element elementor-element-87281f0 elementor-widget elementor-widget-text-editor\" data-id=\"87281f0\" data-element_type=\"widget\" data-e-type=\"widget\" data-widget_type=\"text-editor.default\">\n\t\t\t\t<div class=\"elementor-widget-container\">\n\t\t\t\t\t\t\t\t\t<p>Movements (tai sabaki):<br \/>Kaiten, Irimikaiten, tenshin<br \/>Techniques:<br \/>Shomenuchi<br \/>Iriminage<br \/>Ikkyo (Omote y Ura)<br \/>Katatedori Gyakuhanmi<br \/>Shihonage (Omote y Ura)<br \/>Sotokaitenage<br \/>Ryotedori<br \/>Tenchinage<br \/>Tsuki<br \/>Kotegaeshi (Tenkan)<br \/>Ushiro Tekubitori<br \/>Kotegaeshi<br \/>Katatetori Aihanmi<br \/>Udekimenage<br \/>Morotetori<br \/>Kokyuho (Omote y Ura)<br \/>Ushiro Katadori Kokyuho (walking)<br \/>Attacks and Ukemi: Tsuki \u2013 Yokomenuchi \u2013 Ushiro tekubitori \u2013 Maekaiten and Ushirokaiten ukemi<br \/>Kokyu Doza \u2013 Zagi kokyuho<br \/>Requested by the Examiner<\/p>\t\t\t\t\t\t\t\t<\/div>\n\t\t\t\t<\/div>\n\t\t\t\t\t<\/div>\n\t\t\t\t<\/div>\n\t\t<div class=\"elementor-element elementor-element-e8f03eb e-grid e-con-boxed e-con e-parent\" data-id=\"e8f03eb\" data-element_type=\"container\" data-e-type=\"container\">\n\t\t\t\t\t<div class=\"e-con-inner\">\n\t\t\t\t<div class=\"elementor-element elementor-element-0b5773e elementor-widget elementor-widget-heading\" data-id=\"0b5773e\" data-element_type=\"widget\" data-e-type=\"widget\" data-widget_type=\"heading.default\">\n\t\t\t\t<div class=\"elementor-widget-container\">\n\t\t\t\t\t<h2 class=\"elementor-heading-title elementor-size-default\">Yonkyu (4\u00b0 kyu)<\/h2>\t\t\t\t<\/div>\n\t\t\t\t<\/div>\n\t\t\t\t<div class=\"elementor-element elementor-element-ddef0bc elementor-widget elementor-widget-heading\" data-id=\"ddef0bc\" data-element_type=\"widget\" data-e-type=\"widget\" data-widget_type=\"heading.default\">\n\t\t\t\t<div class=\"elementor-widget-container\">\n\t\t\t\t\t<h2 class=\"elementor-heading-title elementor-size-default\">Sankyu (3\u00b0 kyu)<\/h2>\t\t\t\t<\/div>\n\t\t\t\t<\/div>\n\t\t\t\t\t<\/div>\n\t\t\t\t<\/div>\n\t\t<div class=\"elementor-element elementor-element-5fa787f e-grid e-con-boxed e-con e-parent\" data-id=\"5fa787f\" data-element_type=\"container\" data-e-type=\"container\">\n\t\t\t\t\t<div class=\"e-con-inner\">\n\t\t\t\t<div class=\"elementor-element elementor-element-abd3d7c elementor-widget elementor-widget-heading\" data-id=\"abd3d7c\" data-element_type=\"widget\" data-e-type=\"widget\" data-widget_type=\"heading.default\">\n\t\t\t\t<div class=\"elementor-widget-container\">\n\t\t\t\t\t<h2 class=\"elementor-heading-title elementor-size-default\">80 days of practice from 5th kyu<\/h2>\t\t\t\t<\/div>\n\t\t\t\t<\/div>\n\t\t\t\t<div class=\"elementor-element elementor-element-5a82115 elementor-widget elementor-widget-heading\" data-id=\"5a82115\" data-element_type=\"widget\" data-e-type=\"widget\" data-widget_type=\"heading.default\">\n\t\t\t\t<div class=\"elementor-widget-container\">\n\t\t\t\t\t<h2 class=\"elementor-heading-title elementor-size-default\">100 days of practice from 4th kyu<\/h2>\t\t\t\t<\/div>\n\t\t\t\t<\/div>\n\t\t\t\t\t<\/div>\n\t\t\t\t<\/div>\n\t\t<div class=\"elementor-element elementor-element-3fa7b50 e-grid e-con-boxed e-con e-parent\" data-id=\"3fa7b50\" data-element_type=\"container\" data-e-type=\"container\">\n\t\t\t\t\t<div class=\"e-con-inner\">\n\t\t\t\t<div class=\"elementor-element elementor-element-cebdade elementor-widget elementor-widget-text-editor\" data-id=\"cebdade\" data-element_type=\"widget\" data-e-type=\"widget\" data-widget_type=\"text-editor.default\">\n\t\t\t\t<div class=\"elementor-widget-container\">\n\t\t\t\t\t\t\t\t\t<p>Katatedori Gyakuhanmi Ikkyo<\/p><p>Shomenuchi Nikkyo (Omote y Ura)<\/p><p>Yokomenuchi Shihonage (Omote y Ura)<\/p><p>Tsuki Iriminage<\/p><p>Tsuki Kaitennage<\/p><p>Ushiro Tekubitori Sankyo (Omote y Ura)<\/p><p>Ushiro Ryokatatori Kotegaeshi<\/p><p>Morotetori Kokyunage<\/p><p>Suwariwaza:<\/p><p>Shomenuchi Ikkyo (Omote y Ura)<\/p><p>Katatori Nikyo (Omote y Ura)<\/p><p>Katatori Sankyo (Omote y Ura)<\/p><p>Hanmi-Handachi waza:<\/p><p>Katatedori gyakuhanmi kokyunage<\/p><p>Ukemi: Mae Yokokaiten ukemi<\/p><p>Kokyu Doza \u2013 Zagi kokyuho<\/p><p>Requested by the Examiner<\/p><p>Bokken no suburi:<\/p><p>Sichi Bokken No Suburu: 1 a 3<\/p><p>Jo No Suburi:<\/p><p>Serie Tsuki 1 a 5:\u00a0 Choku Tsuki, Kaeshi Tsuki, Ushiro Tsuki, Tsuki Gedan Gaeshi, Tsuki Jodan Gaeshi Uchi<\/p>\t\t\t\t\t\t\t\t<\/div>\n\t\t\t\t<\/div>\n\t\t\t\t<div class=\"elementor-element elementor-element-25f7111 elementor-widget elementor-widget-text-editor\" data-id=\"25f7111\" data-element_type=\"widget\" data-e-type=\"widget\" data-widget_type=\"text-editor.default\">\n\t\t\t\t<div class=\"elementor-widget-container\">\n\t\t\t\t\t\t\t\t\t<p>Yokomenuchi:<br \/>Iriminage (dos maneras)<br \/>Kotegaeshi (omote y ura)<br \/>Shomenuchi:<br \/>kaitennage (uchi y soto mawari)<br \/>Sankyo (omote &amp; ura)<br \/>Ushiro Ryokatatori Sankyo (omote &amp; ura)<br \/>Morotetori Iriminage (dos maneras)<br \/>Katatori menuchi kotegaeshi<br \/>Suwari Waza:<br \/>Shomenuchi Iriminage<br \/>Shomenuchi Nikkyo (omote &amp; ura)<br \/>Hanmi-Handachi waza:<br \/>Katatedori Shihonage (omote &amp; ura)<br \/>Katatedori Kaitenage (uchi &amp; soto mawari)<br \/>Kokyu Doza \u2013 Zagi kokyuho<br \/>Ushiro maekaiten ukemi<br \/>Requested by the examiner<br \/>Bokken no suburi<br \/>Sichi bokken no suburi (1 a 7)<br \/>Jo no suburi<br \/>Uchikomi (1 a 3 shomen uchikomi, renzoku uchikomi, menuchi gedan gaeshi)<\/p>\t\t\t\t\t\t\t\t<\/div>\n\t\t\t\t<\/div>\n\t\t\t\t\t<\/div>\n\t\t\t\t<\/div>\n\t\t<div class=\"elementor-element elementor-element-ff9a82a e-grid e-con-boxed e-con e-parent\" data-id=\"ff9a82a\" data-element_type=\"container\" data-e-type=\"container\">\n\t\t\t\t\t<div class=\"e-con-inner\">\n\t\t\t\t<div class=\"elementor-element elementor-element-d77a9eb elementor-widget elementor-widget-heading\" data-id=\"d77a9eb\" data-element_type=\"widget\" data-e-type=\"widget\" data-widget_type=\"heading.default\">\n\t\t\t\t<div class=\"elementor-widget-container\">\n\t\t\t\t\t<h2 class=\"elementor-heading-title elementor-size-default\">Nikyu (2\u00b0 kyu)<\/h2>\t\t\t\t<\/div>\n\t\t\t\t<\/div>\n\t\t\t\t<div class=\"elementor-element elementor-element-80adc61 elementor-widget elementor-widget-heading\" data-id=\"80adc61\" data-element_type=\"widget\" data-e-type=\"widget\" data-widget_type=\"heading.default\">\n\t\t\t\t<div class=\"elementor-widget-container\">\n\t\t\t\t\t<h2 class=\"elementor-heading-title elementor-size-default\">Ikyu (1er. kyu)<\/h2>\t\t\t\t<\/div>\n\t\t\t\t<\/div>\n\t\t\t\t\t<\/div>\n\t\t\t\t<\/div>\n\t\t<div class=\"elementor-element elementor-element-d1a431b e-grid e-con-boxed e-con e-parent\" data-id=\"d1a431b\" data-element_type=\"container\" data-e-type=\"container\">\n\t\t\t\t\t<div class=\"e-con-inner\">\n\t\t\t\t<div class=\"elementor-element elementor-element-64ce974 elementor-widget elementor-widget-heading\" data-id=\"64ce974\" data-element_type=\"widget\" data-e-type=\"widget\" data-widget_type=\"heading.default\">\n\t\t\t\t<div class=\"elementor-widget-container\">\n\t\t\t\t\t<h2 class=\"elementor-heading-title elementor-size-default\">150 days of practice from 3rd kyu<\/h2>\t\t\t\t<\/div>\n\t\t\t\t<\/div>\n\t\t\t\t<div class=\"elementor-element elementor-element-f3d182e elementor-widget elementor-widget-heading\" data-id=\"f3d182e\" data-element_type=\"widget\" data-e-type=\"widget\" data-widget_type=\"heading.default\">\n\t\t\t\t<div class=\"elementor-widget-container\">\n\t\t\t\t\t<h2 class=\"elementor-heading-title elementor-size-default\">200 days of practice from 2nd kyu<\/h2>\t\t\t\t<\/div>\n\t\t\t\t<\/div>\n\t\t\t\t\t<\/div>\n\t\t\t\t<\/div>\n\t\t<div class=\"elementor-element elementor-element-a82297b e-grid e-con-boxed e-con e-parent\" data-id=\"a82297b\" data-element_type=\"container\" data-e-type=\"container\">\n\t\t\t\t\t<div class=\"e-con-inner\">\n\t\t\t\t<div class=\"elementor-element elementor-element-9226b98 elementor-widget elementor-widget-text-editor\" data-id=\"9226b98\" data-element_type=\"widget\" data-e-type=\"widget\" data-widget_type=\"text-editor.default\">\n\t\t\t\t<div class=\"elementor-widget-container\">\n\t\t\t\t\t\t\t\t\t<p>Shomenuchi<br \/>Shihonage (omote y ura)<br \/>Kotegaeshi (O y U)<br \/>Yokomenuchi<br \/>Kaitennage<br \/>Gokyo<br \/>Ushiro ryotekubitori<br \/>Kaitennage<br \/>Shihonage (omote y ura)<br \/>Jujinage<br \/>Ushiro Tekubitori Kubishime sankyo (omote y ura)<br \/>Ushiro Kubishime Koshinage<br \/>Morotetori Nikkyo (omote y ura)<br \/>Tsuki kokyuho (omote y ura)<br \/>Katatori menuchi shihonage<br \/>Suwariwaza:<br \/>Tsuki kotegaeshi<br \/>Tsuki iriminage<br \/>Hanmi-Handachi wasa:<br \/>Katatetori kokyuho<br \/>Katatetori Nikkyo (omote y ura)<br \/>Shomenuchi Iriminage<br \/>Yokomenuchi Kotegaeshi<br \/>Ushiro ryokatatori kokyunage<br \/>Tachiwaza Randori \u2013 2 attackers<br \/>Ushiro mae yokokaiten ukemi<br \/>Kokyu Doza \u2013 Zagi kokyuho<br \/>Requested by the examiner<br \/>Jo no suburi :<br \/>Serie Uchikomi: menuchi ushiro tsuki, gyaku yokomenuchi ushiro tsuki (4 y 5)<br \/>Serie Katate: katate gedan gaeshi uchi (gedan katate uchi), katate toma uchi, katate hachi no ji gaeshi (11 a 13)<br \/>Sanju ichi Jo no kata<br \/>Bokken no suburi:<br \/>Hachi bokken no suburi (1 a 4)<\/p>\t\t\t\t\t\t\t\t<\/div>\n\t\t\t\t<\/div>\n\t\t\t\t<div class=\"elementor-element elementor-element-ec2bd4d elementor-widget elementor-widget-text-editor\" data-id=\"ec2bd4d\" data-element_type=\"widget\" data-e-type=\"widget\" data-widget_type=\"text-editor.default\">\n\t\t\t\t<div class=\"elementor-widget-container\">\n\t\t\t\t\t\t\t\t\t<p>Katatori Menuchi \u2013 five techniques<br \/>Yokomenuchi \u2013 five techniques<br \/>Morotetori \u2013 five techniques<br \/>Shomenuchi \u2013 five techniques<br \/>Ryotetori \u2013 five techniques<br \/>Tsuki \u2013 five techniques<br \/>Ushiro tekubitori \u2013 five techniques<br \/>Koshinage \u2013 five techniques<br \/>Tantotori<br \/>Hami-Handachi<br \/>Ushiro Waza \u2013 five techniques<br \/>suwari waza<br \/>Shomenuchi \u2013 three techniques<br \/>tsuki \u2013 three techniques<br \/>randori \u2013 3 attackers<br \/>Kokyu Doza \u2013 Zagi Kokyuho<br \/>Ushiro otoshi ukemi<br \/>Order by examiner<br \/>Jo no suburi<br \/>Hasso gaeshi: hasso gaeshi uchi, hasso gaeshi tsuki, hasso gaeshi ushiro tsuki, hasso gaeshi ushiro uchi, hasso gaeshi ushiro barai (14 a 18)<br \/>Nagare: hidari nagare gaeshi ipponme, hidari nagare gaeshi nihonme, migi nagare gaeshi tsuki (19a, 19b y 20)<br \/>Jusan Jo no kata<br \/>Jo nage<br \/>Kumi Jo<br \/>Bokken no suburi:<br \/>Hachi bokken no suburi (1 a 8)<br \/>Kumi tachi<\/p>\t\t\t\t\t\t\t\t<\/div>\n\t\t\t\t<\/div>\n\t\t\t\t\t<\/div>\n\t\t\t\t<\/div>\n\t\t\t\t<\/div>","protected":false},"excerpt":{"rendered":"<p>Exigencias para LA graduaci\u00f3n El Aikido no tiene competiciones ni torneos. Nuestra escuela realiza evaluaciones anuales para la graduaci\u00f3n. El sistema de graduaciones permite conocer el nivel de aprendizaje de cada persona, mientras que la preparaci\u00f3n de los ex\u00e1menes genera cambios internos tanto en los estudiantes que se presentan como en sus compa\u00f1eros, en relaci\u00f3n [&hellip;]<\/p>\n","protected":false},"author":1,"featured_media":0,"parent":0,"menu_order":0,"comment_status":"closed","ping_status":"closed","template":"","meta":{"site-sidebar-layout":"no-sidebar","site-content-layout":"page-builder","ast-site-content-layout":"full-width-container","site-content-style":"default","site-sidebar-style":"default","ast-global-header-display":"","ast-banner-title-visibility":"","ast-main-header-display":"","ast-hfb-above-header-display":"","ast-hfb-below-header-display":"","ast-hfb-mobile-header-display":"","site-post-title":"disabled","ast-breadcrumbs-content":"","ast-featured-img":"disabled","footer-sml-layout":"","theme-transparent-header-meta":"","adv-header-id-meta":"","stick-header-meta":"","header-above-stick-meta":"","header-main-stick-meta":"","header-below-stick-meta":"","astra-migrate-meta-layouts":"set","ast-page-background-enabled":"default","ast-page-background-meta":{"desktop":{"background-color":"","background-image":"","background-repeat":"repeat","background-position":"center center","background-size":"auto","background-attachment":"scroll","background-type":"","background-media":"","overlay-type":"","overlay-color":"","overlay-opacity":"","overlay-gradient":""},"tablet":{"background-color":"","background-image":"","background-repeat":"repeat","background-position":"center center","background-size":"auto","background-attachment":"scroll","background-type":"","background-media":"","overlay-type":"","overlay-color":"","overlay-opacity":"","overlay-gradient":""},"mobile":{"background-color":"","background-image":"","background-repeat":"repeat","background-position":"center center","background-size":"auto","background-attachment":"scroll","background-type":"","background-media":"","overlay-type":"","overlay-color":"","overlay-opacity":"","overlay-gradient":""}},"ast-content-background-meta":{"desktop":{"background-color":"var(--ast-global-color-5)","background-image":"","background-repeat":"repeat","background-position":"center center","background-size":"auto","background-attachment":"scroll","background-type":"","background-media":"","overlay-type":"","overlay-color":"","overlay-opacity":"","overlay-gradient":""},"tablet":{"background-color":"var(--ast-global-color-5)","background-image":"","background-repeat":"repeat","background-position":"center center","background-size":"auto","background-attachment":"scroll","background-type":"","background-media":"","overlay-type":"","overlay-color":"","overlay-opacity":"","overlay-gradient":""},"mobile":{"background-color":"var(--ast-global-color-5)","background-image":"","background-repeat":"repeat","background-position":"center center","background-size":"auto","background-attachment":"scroll","background-type":"","background-media":"","overlay-type":"","overlay-color":"","overlay-opacity":"","overlay-gradient":""}},"footnotes":""},"class_list":["post-916","page","type-page","status-publish","hentry"],"_links":{"self":[{"href":"https:\/\/shushinkanaikikai.es\/en\/wp-json\/wp\/v2\/pages\/916","targetHints":{"allow":["GET"]}}],"collection":[{"href":"https:\/\/shushinkanaikikai.es\/en\/wp-json\/wp\/v2\/pages"}],"about":[{"href":"https:\/\/shushinkanaikikai.es\/en\/wp-json\/wp\/v2\/types\/page"}],"author":[{"embeddable":true,"href":"https:\/\/shushinkanaikikai.es\/en\/wp-json\/wp\/v2\/users\/1"}],"replies":[{"embeddable":true,"href":"https:\/\/shushinkanaikikai.es\/en\/wp-json\/wp\/v2\/comments?post=916"}],"version-history":[{"count":40,"href":"https:\/\/shushinkanaikikai.es\/en\/wp-json\/wp\/v2\/pages\/916\/revisions"}],"predecessor-version":[{"id":1166,"href":"https:\/\/shushinkanaikikai.es\/en\/wp-json\/wp\/v2\/pages\/916\/revisions\/1166"}],"wp:attachment":[{"href":"https:\/\/shushinkanaikikai.es\/en\/wp-json\/wp\/v2\/media?parent=916"}],"curies":[{"name":"wp","href":"https:\/\/api.w.org\/{rel}","templated":true}]}}