{"id":774,"date":"2025-01-13T18:28:28","date_gmt":"2025-01-13T18:28:28","guid":{"rendered":"http:\/\/shushinkanaikikai.es\/?page_id=774"},"modified":"2025-05-14T13:26:39","modified_gmt":"2025-05-14T11:26:39","slug":"la-practica","status":"publish","type":"page","link":"https:\/\/shushinkanaikikai.es\/en\/la-practica\/","title":{"rendered":"THE PRACTICE"},"content":{"rendered":"\t\t<div data-elementor-type=\"wp-page\" data-elementor-id=\"774\" class=\"elementor elementor-774\">\n\t\t\t\t<div class=\"elementor-element elementor-element-374d64c e-flex e-con-boxed e-con e-parent\" data-id=\"374d64c\" data-element_type=\"container\" data-e-type=\"container\">\n\t\t\t\t\t<div class=\"e-con-inner\">\n\t\t<div class=\"elementor-element elementor-element-14f5f2a e-con-full e-flex e-con e-child\" data-id=\"14f5f2a\" data-element_type=\"container\" data-e-type=\"container\">\n\t\t<div class=\"elementor-element elementor-element-da256bf e-con-full e-flex e-con e-child\" data-id=\"da256bf\" data-element_type=\"container\" data-e-type=\"container\">\n\t\t\t\t<div class=\"elementor-element elementor-element-cd930f7 elementor-widget__width-initial elementor-widget elementor-widget-heading\" data-id=\"cd930f7\" data-element_type=\"widget\" data-e-type=\"widget\" data-widget_type=\"heading.default\">\n\t\t\t\t<div class=\"elementor-widget-container\">\n\t\t\t\t\t<h2 class=\"elementor-heading-title elementor-size-default\">LA PRACTICA DEL AIKIDO<\/h2>\t\t\t\t<\/div>\n\t\t\t\t<\/div>\n\t\t\t\t<\/div>\n\t\t\t\t<\/div>\n\t\t<div class=\"elementor-element elementor-element-d460123 e-con-full e-flex e-con e-child\" data-id=\"d460123\" data-element_type=\"container\" data-e-type=\"container\">\n\t\t\t\t<div class=\"elementor-element elementor-element-4bc9199 elementor-widget elementor-widget-heading\" data-id=\"4bc9199\" data-element_type=\"widget\" data-e-type=\"widget\" data-widget_type=\"heading.default\">\n\t\t\t\t<div class=\"elementor-widget-container\">\n\t\t\t\t\t<h2 class=\"elementor-heading-title elementor-size-default\">Introducci\u00f3n<\/h2>\t\t\t\t<\/div>\n\t\t\t\t<\/div>\n\t\t\t\t<div class=\"elementor-element elementor-element-5aad5fd elementor-widget elementor-widget-text-editor\" data-id=\"5aad5fd\" data-element_type=\"widget\" data-e-type=\"widget\" data-widget_type=\"text-editor.default\">\n\t\t\t\t<div class=\"elementor-widget-container\">\n\t\t\t\t\t\t\t\t\t<p>Se practica en el Dojo (lugar de pr\u00e1ctica), sobre tatami. Luego de realizar entrada en calor, acondicionamiento f\u00edsico y elongaci\u00f3n se comienza a practicar con movimientos corporales (aikitaiso).<\/p>\n<p>\u200b<\/p>\n<p>La pr\u00e1ctica del Aikido se realiza por parejas, que realizan repetidas veces un movimiento de ataque y de defensa demostrados previamente por el instructor. El atacante (uke) realiza un ataque (golpe, agarre por delante o por detr\u00e1s) que recibe el nague y \u00e9ste realiza una t\u00e9cnica resolviendo el ataque. El uke (atacante) realiza ukemi (movimiento con o sin ca\u00edda sobre el tatami para protegerse) para resolver a salvo la aplicaci\u00f3n de la t\u00e9cnica del nague.<\/p>\n<p>La t\u00e9cnica comprende un movimiento de apertura, un desarrollo y su finalizaci\u00f3n, con la proyecci\u00f3n o retenci\u00f3n del atacante.<\/p>\n<p>\u200b<\/p>\n<p>La esencia de todas las t\u00e9cnicas de Aikido es el uso de la totalidad de las partes del cuerpo, para crear un movimiento esf\u00e9rico, alrededor de un centro estable y energizado. Aun cuando parece que en una t\u00e9cnica se usa una parte del cuerpo, la observaci\u00f3n cercana revela que los movimientos de los Aikidokas son, de hecho, movimientos de la totalidad del cuerpo.<\/p>\n<p>Correctamente ejecutadas, algunas t\u00e9cnicas son espectaculares, haciendo volar al oponente a trav\u00e9s del aire. Otras son peque\u00f1as, h\u00e1biles y precisos movimientos que inmovilizan al agresor. Ambos resultados son obtenidos a trav\u00e9s del uso preciso de palanca, inercia, gravedad, disociaci\u00f3n, eje corporal, cambios de peso y la acci\u00f3n de fuerzas centr\u00edfugas y centr\u00edpetas.<\/p>\n<p>En definitiva, es la energ\u00eda del ataque en si misma, la que lleva al atacante al suelo.<\/p>\n<p>\u200b<\/p>\n<p>Como resultado del entrenamiento, la persona aumenta su resistencia f\u00edsica y mental, su flexibilidad, desarrollo muscular a\u00fan cuando las t\u00e9cnicas en si mismas no dependen de la fuerza para su efectividad. Dado que los movimientos y t\u00e9cnicas del Aikido provienen de la m\u00e1s eficiente utilizaci\u00f3n del ser entero, el practicante puede desarrollar gran poder sin tener mucha fuerza f\u00edsica.<\/p>\n<p>El Aikido puede practicarse de varias maneras, no siendo una actividad que se enfoque en la rigidez de los entrenamientos, m\u00e1s bien, todo lo contrario, en la b\u00fasqueda de la relajaci\u00f3n y libertad. El Aikido puede ser practicado por hombres, mujeres y ni\u00f1os de todas las edades.<\/p>\n<p>\u200b<\/p>\n<p>El Aikidoka desarrolla una postura relajada pero firme y estable, en la cual el peso del cuerpo es dirigido a su centro f\u00edsico, ubicado en la parte baja del abdomen. La gravedad deja de ser una fuerza que debe vencerse, m\u00e1s que ello, sirve como soporte y para estabilizar la postura. Como resultado, los movimientos ordinarios asumen una apariencia de gracia y econom\u00eda. Los efectos del centrarse son tanto f\u00edsicos como mentales. En adici\u00f3n, aumenta la vitalidad, los sentidos se agudizan y afilan y uno es menos afectado por las irritaciones y vejaciones de la vida diaria. Este estado es conocido en Jap\u00f3n como teniendo Hara, o fuerte Ki. Esta es una manifestaci\u00f3n de cualidad interior, que lleva al estudiante de Aikido a desarrollar su m\u00e1ximo potencial en todas las \u00e1reas de la vida.<\/p>\n<p>\u200b<\/p>\n<p>Adicionalmente y como una parte muy importante de la pr\u00e1ctica, se cambian los roles entre atacante y defensor (uke y nage), y tambi\u00e9n se esquematiza el aprendizaje de como caer a salvo sin lesionarse en el tatami (ukemi), como autoprotegerse al recibir la t\u00e9cnica aplicada por el defensor como reacci\u00f3n al ataque. Al poco tiempo de pr\u00e1ctica el estudiante comienza a realizar los movimientos de ataque y defensa en forma m\u00e1s continua, atacar, recibir la t\u00e9cnica, caer al tatami, levantarse inmediatamente y atacar, luego recibir el ataque, realizar la entrada, apertura, desarrollo y final de la t\u00e9cnica, lo que va desarrollando en el practicante mayor resistencia aer\u00f3bica y despertando la noci\u00f3n de atenci\u00f3n y percepci\u00f3n acerca de lo que sucede a su alrededor, a la vez que adquiere seguridad en si mismo, autoconfianza. La pr\u00e1ctica continua, repetici\u00f3n de movimientos es \u201czen\u201d, estar en el momento, vivir el momento.<\/p>\n<p>\u200b<\/p>\n<p>Si bien existen grados o graduaciones, en Aikido todos somos principiantes y se practica sin tener en cuenta la graduaci\u00f3n del compa\u00f1ero y sin que la antig\u00fcedad en la pr\u00e1ctica implique descuidar al m\u00e1s nuevo; de modo contrario, los estudiantes nuevos son recibidos y cuidados por los m\u00e1s antiguos. El sistema de graduaciones permite ordenar la pr\u00e1ctica, conocer la antig\u00fcedad de pr\u00e1ctica, estado de aprendizaje y de evoluci\u00f3n de la persona, lo que ayuda a la persona en su camino y a los m\u00e1s nuevos en su comienzo de la nueva actividad. No es un sistema de poder o sometimiento del menor graduado, sino de servicio al que menos sabe, de transmisi\u00f3n no de imposici\u00f3n.<\/p>\n<p>\u200b<\/p>\n<p>Cada alumno tiene distintas capacidades f\u00edsicas y diferentes razones para practicar Aikido, todas merecen respeto.<\/p>\n<p>El verdadero Aiki es la aplicaci\u00f3n correcta y flexible de la t\u00e9cnica apropiada en cualquier circunstancia que se presente. Es nuestra responsabilidad no ocasionar da\u00f1o alguno. Ha de protegerse al compa\u00f1ero y a uno mismo\u201d. (Mitsugi Saotome Shihan, Aikido o la Armon\u00eda de la Naturaleza)<\/p>\n<p>\u200b<\/p>\n<p>Ac\u00e9rquese al Dojo a presenciar una clase o practicar.<\/p>\n<p>Podr\u00e1 comenzar a practicar con pantal\u00f3n largo, camiseta o sudadera.<\/p>\t\t\t\t\t\t\t\t<\/div>\n\t\t\t\t<\/div>\n\t\t\t\t<\/div>\n\t\t\t\t\t<\/div>\n\t\t\t\t<\/div>\n\t\t<div class=\"elementor-element elementor-element-d74ed0b e-flex e-con-boxed e-con e-parent\" data-id=\"d74ed0b\" data-element_type=\"container\" data-e-type=\"container\">\n\t\t\t\t\t<div class=\"e-con-inner\">\n\t\t\t\t<div class=\"elementor-element elementor-element-a7846bf elementor-widget elementor-widget-heading\" data-id=\"a7846bf\" data-element_type=\"widget\" data-e-type=\"widget\" data-widget_type=\"heading.default\">\n\t\t\t\t<div class=\"elementor-widget-container\">\n\t\t\t\t\t<h2 class=\"elementor-heading-title elementor-size-default\">\nCont\u00e1ctanos<\/h2>\t\t\t\t<\/div>\n\t\t\t\t<\/div>\n\t\t\t\t\t<\/div>\n\t\t\t\t<\/div>\n\t\t<div class=\"elementor-element elementor-element-4ff7964 e-flex e-con-boxed e-con e-parent\" data-id=\"4ff7964\" data-element_type=\"container\" data-e-type=\"container\">\n\t\t\t\t\t<div class=\"e-con-inner\">\n\t\t\t\t<div class=\"elementor-element elementor-element-eb9af51 elementor-widget elementor-widget-text-editor\" data-id=\"eb9af51\" data-element_type=\"widget\" data-e-type=\"widget\" data-widget_type=\"text-editor.default\">\n\t\t\t\t<div class=\"elementor-widget-container\">\n\t\t\t\t\t\t\t\t\t<p>Estamos en Buhda Gym en Lloret de Mar, Girona<\/p>\t\t\t\t\t\t\t\t<\/div>\n\t\t\t\t<\/div>\n\t\t\t\t\t<\/div>\n\t\t\t\t<\/div>\n\t\t<div class=\"elementor-element elementor-element-c8a6291 e-flex e-con-boxed e-con e-parent\" data-id=\"c8a6291\" data-element_type=\"container\" data-e-type=\"container\">\n\t\t\t\t\t<div class=\"e-con-inner\">\n\t\t\t\t<div class=\"elementor-element elementor-element-2066bee elementor-widget elementor-widget-wpforms\" data-id=\"2066bee\" data-element_type=\"widget\" data-e-type=\"widget\" data-widget_type=\"wpforms.default\">\n\t\t\t\t<div class=\"elementor-widget-container\">\n\t\t\t\t\t<div class=\"wpforms-container \" id=\"wpforms-26\"><form id=\"wpforms-form-26\" class=\"wpforms-validate wpforms-form\" data-formid=\"26\" method=\"post\" enctype=\"multipart\/form-data\" action=\"\/en\/wp-json\/wp\/v2\/pages\/774\" data-token=\"95a64f48a0faac3aee3b1851663054f7\" data-token-time=\"1778164096\"><noscript class=\"wpforms-error-noscript\">Please enable JavaScript in your browser to complete this form.<\/noscript><div class=\"wpforms-field-container\"><div id=\"wpforms-26-field_0-container\" class=\"wpforms-field wpforms-field-name\" data-field-id=\"0\"><label class=\"wpforms-field-label wpforms-label-hide\" for=\"wpforms-26-field_0\">Name <span class=\"wpforms-required-label\">*<\/span><\/label><input type=\"text\" id=\"wpforms-26-field_0\" class=\"wpforms-field-large wpforms-field-required\" name=\"wpforms[fields][0]\" placeholder=\"Name*\" required><\/div><div id=\"wpforms-26-field_1-container\" class=\"wpforms-field wpforms-field-email\" data-field-id=\"1\"><label class=\"wpforms-field-label wpforms-label-hide\" for=\"wpforms-26-field_1\">Email <span class=\"wpforms-required-label\">*<\/span><\/label><input type=\"email\" id=\"wpforms-26-field_1\" class=\"wpforms-field-large wpforms-field-required\" name=\"wpforms[fields][1]\" placeholder=\"Email*\" spellcheck=\"false\" required><\/div><div id=\"wpforms-26-field_2-container\" class=\"wpforms-field wpforms-field-textarea\" data-field-id=\"2\"><label class=\"wpforms-field-label wpforms-label-hide\" for=\"wpforms-26-field_2\">Message <span class=\"wpforms-required-label\">*<\/span><\/label><textarea id=\"wpforms-26-field_2\" class=\"wpforms-field-medium wpforms-field-required\" name=\"wpforms[fields][2]\" placeholder=\"Message*\" required><\/textarea><\/div><\/div><!-- .wpforms-field-container --><div class=\"wpforms-field wpforms-field-hp\"><label for=\"wpforms-26-field-hp\" class=\"wpforms-field-label\">Name<\/label><input type=\"text\" name=\"wpforms[hp]\" id=\"wpforms-26-field-hp\" class=\"wpforms-field-medium\"><\/div><div class=\"wpforms-submit-container\" ><input type=\"hidden\" name=\"wpforms[id]\" value=\"26\"><input type=\"hidden\" name=\"page_title\" value=\"\"><input type=\"hidden\" name=\"page_url\" value=\"https:\/\/shushinkanaikikai.es\/en\/wp-json\/wp\/v2\/pages\/774\"><input type=\"hidden\" name=\"url_referer\" value=\"\"><button type=\"submit\" name=\"wpforms[submit]\" id=\"wpforms-submit-26\" class=\"wpforms-submit\" data-alt-text=\"Sending...\" data-submit-text=\"Submit\" aria-live=\"assertive\" value=\"wpforms-submit\">Submit<\/button><\/div><\/form><\/div>  <!-- .wpforms-container -->\t\t\t\t<\/div>\n\t\t\t\t<\/div>\n\t\t\t\t\t<\/div>\n\t\t\t\t<\/div>\n\t\t\t\t<\/div>\n\t\t","protected":false},"excerpt":{"rendered":"<p>LA PRACTICA DEL AIKIDO Introducci\u00f3n Se practica en el Dojo (lugar de pr\u00e1ctica), sobre tatami. Luego de realizar entrada en calor, acondicionamiento f\u00edsico y elongaci\u00f3n se comienza a practicar con movimientos corporales (aikitaiso). \u200b La pr\u00e1ctica del Aikido se realiza por parejas, que realizan repetidas veces un movimiento de ataque y de defensa demostrados previamente [&hellip;]<\/p>\n","protected":false},"author":1,"featured_media":0,"parent":0,"menu_order":0,"comment_status":"closed","ping_status":"closed","template":"","meta":{"site-sidebar-layout":"no-sidebar","site-content-layout":"page-builder","ast-site-content-layout":"full-width-container","site-content-style":"default","site-sidebar-style":"default","ast-global-header-display":"","ast-banner-title-visibility":"","ast-main-header-display":"","ast-hfb-above-header-display":"","ast-hfb-below-header-display":"","ast-hfb-mobile-header-display":"","site-post-title":"disabled","ast-breadcrumbs-content":"","ast-featured-img":"disabled","footer-sml-layout":"","theme-transparent-header-meta":"","adv-header-id-meta":"","stick-header-meta":"","header-above-stick-meta":"","header-main-stick-meta":"","header-below-stick-meta":"","astra-migrate-meta-layouts":"set","ast-page-background-enabled":"default","ast-page-background-meta":{"desktop":{"background-color":"","background-image":"","background-repeat":"repeat","background-position":"center center","background-size":"auto","background-attachment":"scroll","background-type":"","background-media":"","overlay-type":"","overlay-color":"","overlay-opacity":"","overlay-gradient":""},"tablet":{"background-color":"","background-image":"","background-repeat":"repeat","background-position":"center center","background-size":"auto","background-attachment":"scroll","background-type":"","background-media":"","overlay-type":"","overlay-color":"","overlay-opacity":"","overlay-gradient":""},"mobile":{"background-color":"","background-image":"","background-repeat":"repeat","background-position":"center center","background-size":"auto","background-attachment":"scroll","background-type":"","background-media":"","overlay-type":"","overlay-color":"","overlay-opacity":"","overlay-gradient":""}},"ast-content-background-meta":{"desktop":{"background-color":"var(--ast-global-color-5)","background-image":"","background-repeat":"repeat","background-position":"center center","background-size":"auto","background-attachment":"scroll","background-type":"","background-media":"","overlay-type":"","overlay-color":"","overlay-opacity":"","overlay-gradient":""},"tablet":{"background-color":"var(--ast-global-color-5)","background-image":"","background-repeat":"repeat","background-position":"center center","background-size":"auto","background-attachment":"scroll","background-type":"","background-media":"","overlay-type":"","overlay-color":"","overlay-opacity":"","overlay-gradient":""},"mobile":{"background-color":"var(--ast-global-color-5)","background-image":"","background-repeat":"repeat","background-position":"center center","background-size":"auto","background-attachment":"scroll","background-type":"","background-media":"","overlay-type":"","overlay-color":"","overlay-opacity":"","overlay-gradient":""}},"footnotes":""},"class_list":["post-774","page","type-page","status-publish","hentry"],"_links":{"self":[{"href":"https:\/\/shushinkanaikikai.es\/en\/wp-json\/wp\/v2\/pages\/774","targetHints":{"allow":["GET"]}}],"collection":[{"href":"https:\/\/shushinkanaikikai.es\/en\/wp-json\/wp\/v2\/pages"}],"about":[{"href":"https:\/\/shushinkanaikikai.es\/en\/wp-json\/wp\/v2\/types\/page"}],"author":[{"embeddable":true,"href":"https:\/\/shushinkanaikikai.es\/en\/wp-json\/wp\/v2\/users\/1"}],"replies":[{"embeddable":true,"href":"https:\/\/shushinkanaikikai.es\/en\/wp-json\/wp\/v2\/comments?post=774"}],"version-history":[{"count":16,"href":"https:\/\/shushinkanaikikai.es\/en\/wp-json\/wp\/v2\/pages\/774\/revisions"}],"predecessor-version":[{"id":1154,"href":"https:\/\/shushinkanaikikai.es\/en\/wp-json\/wp\/v2\/pages\/774\/revisions\/1154"}],"wp:attachment":[{"href":"https:\/\/shushinkanaikikai.es\/en\/wp-json\/wp\/v2\/media?parent=774"}],"curies":[{"name":"wp","href":"https:\/\/api.w.org\/{rel}","templated":true}]}}