{"id":772,"date":"2025-01-13T18:27:03","date_gmt":"2025-01-13T18:27:03","guid":{"rendered":"http:\/\/shushinkanaikikai.es\/?page_id=772"},"modified":"2025-07-15T16:27:36","modified_gmt":"2025-07-15T14:27:36","slug":"osensei","status":"publish","type":"page","link":"https:\/\/shushinkanaikikai.es\/en\/osensei\/","title":{"rendered":"O\u2019SENSEI"},"content":{"rendered":"<div data-elementor-type=\"wp-page\" data-elementor-id=\"772\" class=\"elementor elementor-772\">\n\t\t\t\t<div class=\"elementor-element elementor-element-d88844a e-flex e-con-boxed e-con e-parent\" data-id=\"d88844a\" data-element_type=\"container\" data-e-type=\"container\">\n\t\t\t\t\t<div class=\"e-con-inner\">\n\t\t\t\t<div class=\"elementor-element elementor-element-add4f49 elementor-widget elementor-widget-heading\" data-id=\"add4f49\" data-element_type=\"widget\" data-e-type=\"widget\" data-widget_type=\"heading.default\">\n\t\t\t\t<div class=\"elementor-widget-container\">\n\t\t\t\t\t<h2 class=\"elementor-heading-title elementor-size-default\">O\u2019Sensei<\/h2>\t\t\t\t<\/div>\n\t\t\t\t<\/div>\n\t\t\t\t\t<\/div>\n\t\t\t\t<\/div>\n\t\t<div class=\"elementor-element elementor-element-30ddab6 e-flex e-con-boxed e-con e-parent\" data-id=\"30ddab6\" data-element_type=\"container\" data-e-type=\"container\">\n\t\t\t\t\t<div class=\"e-con-inner\">\n\t\t\t\t<div class=\"elementor-element elementor-element-24b4663 elementor-widget elementor-widget-text-editor\" data-id=\"24b4663\" data-element_type=\"widget\" data-e-type=\"widget\" data-widget_type=\"text-editor.default\">\n\t\t\t\t<div class=\"elementor-widget-container\">\n\t\t\t\t\t\t\t\t\t<p>Born in Tanabe, Wakayama Prefecture, Japan on December 14, 1883, Morihei Ueshiba became interested in martial arts from a very early age.<\/p><p>His father was a well-known peasant, and his mother came from a noble family (descended from samurai). Ueshiba Sensei spent most of his youth engaged in religious studies, which contributed to his lifelong interest in spiritual matters. His father had him study sumo, and later, around 1902, he began his studies in the arts of jujutsu (hand-to-hand combat) and kenjutsu (sword wielding).<\/p><p>He returned to his father's house after being released from military service in 1907. During this time, he studied judo. In 1912, he led a group of pioneers to the northern island of Hokkaido to establish a village and farm the land. They founded the village of Shirataki (which still exists) with over 80 people. Around this time, he began his studies in Daito-ryu. He graduated as a teacher after diligently following the practice under the guidance of his teacher, the prestigious Sokaku Takeda.<\/p><p>In 1919, he was informed that his father was seriously ill. While traveling to his father's home, he met Onisaburo Degushi, leader of the Shinto sect known as Omoto-Kyo. Mr. Deguchi had a profound influence on the young Ueshiba with his religious teachings and concepts. After his father's death, he returned to Mr. Deguchi and established a martial arts academy in his home where he taught members of the Omoto-Kyo. During this time, religious teachings began to have a profound influence on him. Morihei Ueshiba saw a connection between spirituality and physical movement, and his teachings began to change. After a time, many people began to believe that there was a \"great master\" of martial arts in the village.<\/p><p>Together with Mr. Deguchi, Ueshiba traveled to Manchuria and Mongolia with the aim of establishing a \"sacred land.\" It didn't work out, and upon returning from the heart of Asia, he continued his studies of kenjutsu and jujutsu and began studying sojutsu (spear technique).<\/p><p>In the spring of 1925, he met a naval officer who was an expert in kenjutsu and challenged Ueshiba Sensei. When attacked by the officer, he was able to evade any blows thrown. After this experience, while fighting, he had a vision. In it, he saw a \"golden light,\" as he put it, surrounding him. He then understood the unity of the Universe and the principles from which he developed the concepts of Aikido. From this, he understood that he should call his art aiki-budo (the martial path of Aiki) instead of aiki-jutsu (the techniques of Aiki).<\/p><p>In 1927 he established his residence in Tokyo after several stays there with the purpose of teaching some government officials and officials of the Emperor's Court.<\/p><p>Between 1941 and 1942, O'Sensei (Grandmaster), as he is known, decided to call his art Aikido (The Way of Harmony) and retired to a farm in the countryside to continue his religious studies and the practice and perfection of his art. He began building a shrine and a training facility. In 1964, he received the Order of the Rising Sun, 4th Class, as the Founder of Aikido.<\/p><p>Ueshiba gave his final demonstration in January 1969 and died on April 26 of that year. His ashes were interred in Kozanji, Tanabe, and he was named an honorary knight of Tanabe and Iwama.<\/p>\t\t\t\t\t\t\t\t<\/div>\n\t\t\t\t<\/div>\n\t\t\t\t\t<\/div>\n\t\t\t\t<\/div>\n\t\t<div class=\"elementor-element elementor-element-a94092e e-flex e-con-boxed e-con e-parent\" data-id=\"a94092e\" data-element_type=\"container\" data-e-type=\"container\">\n\t\t\t\t\t<div class=\"e-con-inner\">\n\t\t\t\t<div class=\"elementor-element elementor-element-5df3878 elementor-align-center elementor-widget elementor-widget-button\" data-id=\"5df3878\" data-element_type=\"widget\" data-e-type=\"widget\" data-widget_type=\"button.default\">\n\t\t\t\t<div class=\"elementor-widget-container\">\n\t\t\t\t\t\t\t\t\t<div class=\"elementor-button-wrapper\">\n\t\t\t\t\t<a class=\"elementor-button elementor-button-link elementor-size-sm\" href=\"https:\/\/shushinkanaikikai.es\/en\/contacto\/\">\n\t\t\t\t\t\t<span class=\"elementor-button-content-wrapper\">\n\t\t\t\t\t\t\t\t\t<span class=\"elementor-button-text\">Contact us<\/span>\n\t\t\t\t\t<\/span>\n\t\t\t\t\t<\/a>\n\t\t\t\t<\/div>\n\t\t\t\t\t\t\t\t<\/div>\n\t\t\t\t<\/div>\n\t\t\t\t\t<\/div>\n\t\t\t\t<\/div>\n\t\t<div class=\"elementor-element elementor-element-e37cb02 e-flex e-con-boxed e-con e-parent\" data-id=\"e37cb02\" data-element_type=\"container\" data-e-type=\"container\">\n\t\t\t\t\t<div class=\"e-con-inner\">\n\t\t\t\t<div class=\"elementor-element elementor-element-c093127 elementor-widget__width-inherit elementor-widget elementor-widget-image-carousel\" data-id=\"c093127\" data-element_type=\"widget\" data-e-type=\"widget\" data-settings=\"{&quot;slides_to_show&quot;:&quot;3&quot;,&quot;slides_to_scroll&quot;:&quot;1&quot;,&quot;navigation&quot;:&quot;none&quot;,&quot;image_spacing_custom&quot;:{&quot;unit&quot;:&quot;px&quot;,&quot;size&quot;:10,&quot;sizes&quot;:[]},&quot;autoplay&quot;:&quot;yes&quot;,&quot;pause_on_hover&quot;:&quot;yes&quot;,&quot;pause_on_interaction&quot;:&quot;yes&quot;,&quot;autoplay_speed&quot;:5000,&quot;infinite&quot;:&quot;yes&quot;,&quot;speed&quot;:500,&quot;image_spacing_custom_tablet&quot;:{&quot;unit&quot;:&quot;px&quot;,&quot;size&quot;:&quot;&quot;,&quot;sizes&quot;:[]},&quot;image_spacing_custom_mobile&quot;:{&quot;unit&quot;:&quot;px&quot;,&quot;size&quot;:&quot;&quot;,&quot;sizes&quot;:[]}}\" data-widget_type=\"image-carousel.default\">\n\t\t\t\t<div class=\"elementor-widget-container\">\n\t\t\t\t\t\t\t<div class=\"elementor-image-carousel-wrapper swiper\" role=\"region\" aria-roledescription=\"carousel\" aria-label=\"Aikido\" dir=\"ltr\">\n\t\t\t<div class=\"elementor-image-carousel swiper-wrapper\" aria-live=\"off\">\n\t\t\t\t\t\t\t\t<div class=\"swiper-slide\" role=\"group\" aria-roledescription=\"slide\" aria-label=\"1 de 4\"><figure class=\"swiper-slide-inner\"><img decoding=\"async\" class=\"swiper-slide-image\" src=\"https:\/\/shushinkanaikikai.es\/wp-content\/uploads\/2025\/01\/Morihei-Ueshiba-203x300.jpg\" alt=\"Morihei Ueshiba\" \/><\/figure><\/div><div class=\"swiper-slide\" role=\"group\" aria-roledescription=\"slide\" aria-label=\"2 de 4\"><figure class=\"swiper-slide-inner\"><img decoding=\"async\" class=\"swiper-slide-image\" src=\"https:\/\/shushinkanaikikai.es\/wp-content\/uploads\/2025\/01\/Morihei_Ueshiba120.jpg\" alt=\"Morihei_Ueshiba120\" \/><\/figure><\/div><div class=\"swiper-slide\" role=\"group\" aria-roledescription=\"slide\" aria-label=\"3 de 4\"><figure class=\"swiper-slide-inner\"><img decoding=\"async\" class=\"swiper-slide-image\" src=\"https:\/\/shushinkanaikikai.es\/wp-content\/uploads\/2025\/01\/Morihei_Ueshiba117-168x300-1.jpg\" alt=\"Morihei_Ueshiba117-168x300\" \/><\/figure><\/div><div class=\"swiper-slide\" role=\"group\" aria-roledescription=\"slide\" aria-label=\"4 de 4\"><figure class=\"swiper-slide-inner\"><img decoding=\"async\" class=\"swiper-slide-image\" src=\"https:\/\/shushinkanaikikai.es\/wp-content\/uploads\/2025\/01\/Morihei_Ueshiba104.jpg\" alt=\"Morihei_Ueshiba104\" \/><\/figure><\/div>\t\t\t<\/div>\n\t\t\t\t\t\t\t\n\t\t\t\t\t\t\t\t\t<\/div>\n\t\t\t\t\t\t<\/div>\n\t\t\t\t<\/div>\n\t\t\t\t\t<\/div>\n\t\t\t\t<\/div>\n\t\t\t\t<\/div>","protected":false},"excerpt":{"rendered":"<p>O\u2019Sensei Nacido en Tanabe, Prefectura de Wakayama, en Jap\u00f3n el 14 de Diciembre de 1883, Morihei Ueshiba se interes\u00f3 por las artes marciales desde muy temprana edad. Su padre era un campesino reputado y su madre proven\u00eda de una familia de la nobleza (descendiente de samurai). Ueshiba Sensei invirti\u00f3 la mayor parte de su juventud [&hellip;]<\/p>\n","protected":false},"author":1,"featured_media":0,"parent":0,"menu_order":0,"comment_status":"closed","ping_status":"closed","template":"","meta":{"site-sidebar-layout":"no-sidebar","site-content-layout":"page-builder","ast-site-content-layout":"full-width-container","site-content-style":"default","site-sidebar-style":"default","ast-global-header-display":"","ast-banner-title-visibility":"","ast-main-header-display":"","ast-hfb-above-header-display":"","ast-hfb-below-header-display":"","ast-hfb-mobile-header-display":"","site-post-title":"disabled","ast-breadcrumbs-content":"","ast-featured-img":"disabled","footer-sml-layout":"","theme-transparent-header-meta":"","adv-header-id-meta":"","stick-header-meta":"","header-above-stick-meta":"","header-main-stick-meta":"","header-below-stick-meta":"","astra-migrate-meta-layouts":"set","ast-page-background-enabled":"default","ast-page-background-meta":{"desktop":{"background-color":"","background-image":"","background-repeat":"repeat","background-position":"center center","background-size":"auto","background-attachment":"scroll","background-type":"","background-media":"","overlay-type":"","overlay-color":"","overlay-opacity":"","overlay-gradient":""},"tablet":{"background-color":"","background-image":"","background-repeat":"repeat","background-position":"center center","background-size":"auto","background-attachment":"scroll","background-type":"","background-media":"","overlay-type":"","overlay-color":"","overlay-opacity":"","overlay-gradient":""},"mobile":{"background-color":"","background-image":"","background-repeat":"repeat","background-position":"center center","background-size":"auto","background-attachment":"scroll","background-type":"","background-media":"","overlay-type":"","overlay-color":"","overlay-opacity":"","overlay-gradient":""}},"ast-content-background-meta":{"desktop":{"background-color":"var(--ast-global-color-5)","background-image":"","background-repeat":"repeat","background-position":"center center","background-size":"auto","background-attachment":"scroll","background-type":"","background-media":"","overlay-type":"","overlay-color":"","overlay-opacity":"","overlay-gradient":""},"tablet":{"background-color":"var(--ast-global-color-5)","background-image":"","background-repeat":"repeat","background-position":"center center","background-size":"auto","background-attachment":"scroll","background-type":"","background-media":"","overlay-type":"","overlay-color":"","overlay-opacity":"","overlay-gradient":""},"mobile":{"background-color":"var(--ast-global-color-5)","background-image":"","background-repeat":"repeat","background-position":"center center","background-size":"auto","background-attachment":"scroll","background-type":"","background-media":"","overlay-type":"","overlay-color":"","overlay-opacity":"","overlay-gradient":""}},"footnotes":""},"class_list":["post-772","page","type-page","status-publish","hentry"],"_links":{"self":[{"href":"https:\/\/shushinkanaikikai.es\/en\/wp-json\/wp\/v2\/pages\/772","targetHints":{"allow":["GET"]}}],"collection":[{"href":"https:\/\/shushinkanaikikai.es\/en\/wp-json\/wp\/v2\/pages"}],"about":[{"href":"https:\/\/shushinkanaikikai.es\/en\/wp-json\/wp\/v2\/types\/page"}],"author":[{"embeddable":true,"href":"https:\/\/shushinkanaikikai.es\/en\/wp-json\/wp\/v2\/users\/1"}],"replies":[{"embeddable":true,"href":"https:\/\/shushinkanaikikai.es\/en\/wp-json\/wp\/v2\/comments?post=772"}],"version-history":[{"count":26,"href":"https:\/\/shushinkanaikikai.es\/en\/wp-json\/wp\/v2\/pages\/772\/revisions"}],"predecessor-version":[{"id":1327,"href":"https:\/\/shushinkanaikikai.es\/en\/wp-json\/wp\/v2\/pages\/772\/revisions\/1327"}],"wp:attachment":[{"href":"https:\/\/shushinkanaikikai.es\/en\/wp-json\/wp\/v2\/media?parent=772"}],"curies":[{"name":"wp","href":"https:\/\/api.w.org\/{rel}","templated":true}]}}