{"id":1478,"date":"2025-08-18T17:42:21","date_gmt":"2025-08-18T15:42:21","guid":{"rendered":"https:\/\/shushinkanaikikai.es\/?page_id=1478"},"modified":"2025-08-18T17:48:22","modified_gmt":"2025-08-18T15:48:22","slug":"soto-kaiten-nage","status":"publish","type":"page","link":"https:\/\/shushinkanaikikai.es\/en\/soto-kaiten-nage\/","title":{"rendered":"SOTO KAITEN NAGE"},"content":{"rendered":"<div data-elementor-type=\"wp-page\" data-elementor-id=\"1478\" class=\"elementor elementor-1478\">\n\t\t\t\t<div class=\"elementor-element elementor-element-7612e65 e-flex e-con-boxed e-con e-parent\" data-id=\"7612e65\" data-element_type=\"container\" data-e-type=\"container\">\n\t\t\t\t\t<div class=\"e-con-inner\">\n\t\t<div class=\"elementor-element elementor-element-1ee9f15 e-con-full e-flex e-con e-child\" data-id=\"1ee9f15\" data-element_type=\"container\" data-e-type=\"container\">\n\t\t\t\t<div class=\"elementor-element elementor-element-f193ab3 elementor-widget elementor-widget-heading\" data-id=\"f193ab3\" data-element_type=\"widget\" data-e-type=\"widget\" data-widget_type=\"heading.default\">\n\t\t\t\t<div class=\"elementor-widget-container\">\n\t\t\t\t\t<h2 class=\"elementor-heading-title elementor-size-default\">Soto kaiten nage (\u5916\u56de\u8ee2\u6295\u3052)<\/h2>\t\t\t\t<\/div>\n\t\t\t\t<\/div>\n\t\t\t\t<\/div>\n\t\t\t\t\t<\/div>\n\t\t\t\t<\/div>\n\t\t<div class=\"elementor-element elementor-element-f81dacb e-flex e-con-boxed e-con e-parent\" data-id=\"f81dacb\" data-element_type=\"container\" data-e-type=\"container\">\n\t\t\t\t\t<div class=\"e-con-inner\">\n\t\t\t\t<div class=\"elementor-element elementor-element-bc54669 elementor-widget elementor-widget-text-editor\" data-id=\"bc54669\" data-element_type=\"widget\" data-e-type=\"widget\" data-widget_type=\"text-editor.default\">\n\t\t\t\t<div class=\"elementor-widget-container\">\n\t\t\t\t\t\t\t\t\t<div><strong>Soto<\/strong>: abroad.<\/div><div><strong>Kaiten<\/strong>: circular.<\/div><div><strong>Nage<\/strong>: projection.<\/div>\t\t\t\t\t\t\t\t<\/div>\n\t\t\t\t<\/div>\n\t\t\t\t\t<\/div>\n\t\t\t\t<\/div>\n\t\t<div class=\"elementor-element elementor-element-adc0dd9 e-grid e-con-boxed e-con e-parent\" data-id=\"adc0dd9\" data-element_type=\"container\" data-e-type=\"container\">\n\t\t\t\t\t<div class=\"e-con-inner\">\n\t\t\t\t<div class=\"elementor-element elementor-element-3b9729d elementor-widget elementor-widget-image\" data-id=\"3b9729d\" data-element_type=\"widget\" data-e-type=\"widget\" data-widget_type=\"image.default\">\n\t\t\t\t<div class=\"elementor-widget-container\">\n\t\t\t\t\t\t\t\t\t\t\t\t<figure class=\"wp-caption\">\n\t\t\t\t\t\t\t\t\t\t\t<a href=\"https:\/\/aikiclub.fr\/\" target=\"_blank\">\n\t\t\t\t\t\t\t<img decoding=\"async\" width=\"300\" height=\"125\" src=\"https:\/\/shushinkanaikikai.es\/wp-content\/uploads\/2025\/08\/soto-kaiten-nage-300x125.jpg\" class=\"attachment-medium size-medium wp-image-1480\" alt=\"\" srcset=\"https:\/\/shushinkanaikikai.es\/wp-content\/uploads\/2025\/08\/soto-kaiten-nage-300x125.jpg 300w, https:\/\/shushinkanaikikai.es\/wp-content\/uploads\/2025\/08\/soto-kaiten-nage-18x8.jpg 18w, https:\/\/shushinkanaikikai.es\/wp-content\/uploads\/2025\/08\/soto-kaiten-nage.jpg 640w\" sizes=\"(max-width: 300px) 100vw, 300px\" \/>\t\t\t\t\t\t\t\t<\/a>\n\t\t\t\t\t\t\t\t\t\t\t<figcaption class=\"widget-image-caption wp-caption-text\">Robert Le Vourc\u2019h Shihan. 6\u00ba dan Aikikai.<\/figcaption>\n\t\t\t\t\t\t\t\t\t\t<\/figure>\n\t\t\t\t\t\t\t\t\t<\/div>\n\t\t\t\t<\/div>\n\t\t\t\t<div class=\"elementor-element elementor-element-3e00fb5 elementor-widget elementor-widget-text-editor\" data-id=\"3e00fb5\" data-element_type=\"widget\" data-e-type=\"widget\" data-widget_type=\"text-editor.default\">\n\t\t\t\t<div class=\"elementor-widget-container\">\n\t\t\t\t\t\t\t\t\t<p>Uke's throw is performed by having his arm describe a wide circle in the vertical plane while his neck remains locked in a low position. Depending on how the technique is initiated, there are several variations.\u00a0<em>soto<\/em>\u00a0(outside), when tori remains in front of uke's body, and\u00a0<em>uchi<\/em>\u00a0(interior) in which tori enters between uke's body and his arm.<\/p>\t\t\t\t\t\t\t\t<\/div>\n\t\t\t\t<\/div>\n\t\t\t\t\t<\/div>\n\t\t\t\t<\/div>\n\t\t<div class=\"elementor-element elementor-element-51dae9d e-flex e-con-boxed e-con e-parent\" data-id=\"51dae9d\" data-element_type=\"container\" data-e-type=\"container\">\n\t\t\t\t\t<div class=\"e-con-inner\">\n\t\t\t\t<div class=\"elementor-element elementor-element-1a5f7be elementor-widget elementor-widget-image\" data-id=\"1a5f7be\" data-element_type=\"widget\" data-e-type=\"widget\" data-widget_type=\"image.default\">\n\t\t\t\t<div class=\"elementor-widget-container\">\n\t\t\t\t\t\t\t\t\t\t\t\t\t\t\t<img fetchpriority=\"high\" decoding=\"async\" width=\"696\" height=\"835\" src=\"https:\/\/shushinkanaikikai.es\/wp-content\/uploads\/2025\/08\/seleccic3b3n_073.jpg\" class=\"attachment-medium_large size-medium_large wp-image-1481\" alt=\"\" srcset=\"https:\/\/shushinkanaikikai.es\/wp-content\/uploads\/2025\/08\/seleccic3b3n_073.jpg 696w, https:\/\/shushinkanaikikai.es\/wp-content\/uploads\/2025\/08\/seleccic3b3n_073-250x300.jpg 250w, https:\/\/shushinkanaikikai.es\/wp-content\/uploads\/2025\/08\/seleccic3b3n_073-10x12.jpg 10w\" sizes=\"(max-width: 696px) 100vw, 696px\" \/>\t\t\t\t\t\t\t\t\t\t\t\t\t\t\t<\/div>\n\t\t\t\t<\/div>\n\t\t\t\t\t<\/div>\n\t\t\t\t<\/div>\n\t\t<div class=\"elementor-element elementor-element-8d012ff e-flex e-con-boxed e-con e-parent\" data-id=\"8d012ff\" data-element_type=\"container\" data-e-type=\"container\">\n\t\t\t\t\t<div class=\"e-con-inner\">\n\t\t\t\t<div class=\"elementor-element elementor-element-70486c0 elementor-widget elementor-widget-heading\" data-id=\"70486c0\" data-element_type=\"widget\" data-e-type=\"widget\" data-widget_type=\"heading.default\">\n\t\t\t\t<div class=\"elementor-widget-container\">\n\t\t\t\t\t<h2 class=\"elementor-heading-title elementor-size-default\"><a href=\"https:\/\/www.youtube.com\/user\/kumaaikido?feature=creators_cornier-%2F%2Fs.ytimg.com%2Fyt%2Fimg%2Fcreators_corner%2FYouTube%2Fyoutube_32x32.png\" target=\"_blank\">Katate dori soto kaiten nage. Kuma Aikido<\/a><\/h2>\t\t\t\t<\/div>\n\t\t\t\t<\/div>\n\t\t\t\t\t<\/div>\n\t\t\t\t<\/div>\n\t\t<div class=\"elementor-element elementor-element-e344e03 e-flex e-con-boxed e-con e-parent\" data-id=\"e344e03\" data-element_type=\"container\" data-e-type=\"container\">\n\t\t\t\t\t<div class=\"e-con-inner\">\n\t\t\t\t<div class=\"elementor-element elementor-element-496577a elementor-widget elementor-widget-video\" data-id=\"496577a\" data-element_type=\"widget\" data-e-type=\"widget\" data-settings=\"{&quot;youtube_url&quot;:&quot;https:\\\/\\\/youtu.be\\\/ESXtsV0aeMI&quot;,&quot;video_type&quot;:&quot;youtube&quot;,&quot;controls&quot;:&quot;yes&quot;}\" data-widget_type=\"video.default\">\n\t\t\t\t<div class=\"elementor-widget-container\">\n\t\t\t\t\t\t\t<div class=\"elementor-wrapper elementor-open-inline\">\n\t\t\t<div class=\"elementor-video\"><\/div>\t\t<\/div>\n\t\t\t\t\t\t<\/div>\n\t\t\t\t<\/div>\n\t\t\t\t\t<\/div>\n\t\t\t\t<\/div>\n\t\t<div class=\"elementor-element elementor-element-c90e14f e-flex e-con-boxed e-con e-parent\" data-id=\"c90e14f\" data-element_type=\"container\" data-e-type=\"container\">\n\t\t\t\t\t<div class=\"e-con-inner\">\n\t\t\t\t<div class=\"elementor-element elementor-element-371af5c elementor-widget elementor-widget-heading\" data-id=\"371af5c\" data-element_type=\"widget\" data-e-type=\"widget\" data-widget_type=\"heading.default\">\n\t\t\t\t<div class=\"elementor-widget-container\">\n\t\t\t\t\t<h2 class=\"elementor-heading-title elementor-size-default\"><a href=\"http:\/\/nyaikikai.com\/\" target=\"_blank\">The New York Aikikai<\/a><\/h2>\t\t\t\t<\/div>\n\t\t\t\t<\/div>\n\t\t\t\t\t<\/div>\n\t\t\t\t<\/div>\n\t\t<div class=\"elementor-element elementor-element-a140395 e-flex e-con-boxed e-con e-parent\" data-id=\"a140395\" data-element_type=\"container\" data-e-type=\"container\">\n\t\t\t\t\t<div class=\"e-con-inner\">\n\t\t\t\t<div class=\"elementor-element elementor-element-992a149 elementor-widget elementor-widget-video\" data-id=\"992a149\" data-element_type=\"widget\" data-e-type=\"widget\" data-settings=\"{&quot;youtube_url&quot;:&quot;https:\\\/\\\/youtu.be\\\/gqvZ4KzIESw&quot;,&quot;video_type&quot;:&quot;youtube&quot;,&quot;controls&quot;:&quot;yes&quot;}\" data-widget_type=\"video.default\">\n\t\t\t\t<div class=\"elementor-widget-container\">\n\t\t\t\t\t\t\t<div class=\"elementor-wrapper elementor-open-inline\">\n\t\t\t<div class=\"elementor-video\"><\/div>\t\t<\/div>\n\t\t\t\t\t\t<\/div>\n\t\t\t\t<\/div>\n\t\t\t\t\t<\/div>\n\t\t\t\t<\/div>\n\t\t\t\t<\/div>","protected":false},"excerpt":{"rendered":"<p>Soto kaiten nage (\u5916\u56de\u8ee2\u6295\u3052) Soto: exterior.Kaiten: circular.Nage: proyecci\u00f3n. Robert Le Vourc\u2019h Shihan. 6\u00ba dan Aikikai. La proyecci\u00f3n de uke se efect\u00faa haciendo describir a su brazo un amplio c\u00edrculo en el plano vertical mientras su nuca permanece bloqueada en una posici\u00f3n baja. Seg\u00fan el modo de iniciar la t\u00e9cnica, existen las variantes\u00a0soto\u00a0(exterior), cuando tori permanece [&hellip;]<\/p>\n","protected":false},"author":1,"featured_media":0,"parent":0,"menu_order":0,"comment_status":"closed","ping_status":"closed","template":"","meta":{"site-sidebar-layout":"no-sidebar","site-content-layout":"page-builder","ast-site-content-layout":"full-width-container","site-content-style":"default","site-sidebar-style":"default","ast-global-header-display":"","ast-banner-title-visibility":"","ast-main-header-display":"","ast-hfb-above-header-display":"","ast-hfb-below-header-display":"","ast-hfb-mobile-header-display":"","site-post-title":"disabled","ast-breadcrumbs-content":"","ast-featured-img":"disabled","footer-sml-layout":"","theme-transparent-header-meta":"","adv-header-id-meta":"","stick-header-meta":"","header-above-stick-meta":"","header-main-stick-meta":"","header-below-stick-meta":"","astra-migrate-meta-layouts":"default","ast-page-background-enabled":"default","ast-page-background-meta":{"desktop":{"background-color":"","background-image":"","background-repeat":"repeat","background-position":"center center","background-size":"auto","background-attachment":"scroll","background-type":"","background-media":"","overlay-type":"","overlay-color":"","overlay-opacity":"","overlay-gradient":""},"tablet":{"background-color":"","background-image":"","background-repeat":"repeat","background-position":"center center","background-size":"auto","background-attachment":"scroll","background-type":"","background-media":"","overlay-type":"","overlay-color":"","overlay-opacity":"","overlay-gradient":""},"mobile":{"background-color":"","background-image":"","background-repeat":"repeat","background-position":"center center","background-size":"auto","background-attachment":"scroll","background-type":"","background-media":"","overlay-type":"","overlay-color":"","overlay-opacity":"","overlay-gradient":""}},"ast-content-background-meta":{"desktop":{"background-color":"var(--ast-global-color-5)","background-image":"","background-repeat":"repeat","background-position":"center center","background-size":"auto","background-attachment":"scroll","background-type":"","background-media":"","overlay-type":"","overlay-color":"","overlay-opacity":"","overlay-gradient":""},"tablet":{"background-color":"var(--ast-global-color-5)","background-image":"","background-repeat":"repeat","background-position":"center center","background-size":"auto","background-attachment":"scroll","background-type":"","background-media":"","overlay-type":"","overlay-color":"","overlay-opacity":"","overlay-gradient":""},"mobile":{"background-color":"var(--ast-global-color-5)","background-image":"","background-repeat":"repeat","background-position":"center center","background-size":"auto","background-attachment":"scroll","background-type":"","background-media":"","overlay-type":"","overlay-color":"","overlay-opacity":"","overlay-gradient":""}},"footnotes":""},"class_list":["post-1478","page","type-page","status-publish","hentry"],"_links":{"self":[{"href":"https:\/\/shushinkanaikikai.es\/en\/wp-json\/wp\/v2\/pages\/1478","targetHints":{"allow":["GET"]}}],"collection":[{"href":"https:\/\/shushinkanaikikai.es\/en\/wp-json\/wp\/v2\/pages"}],"about":[{"href":"https:\/\/shushinkanaikikai.es\/en\/wp-json\/wp\/v2\/types\/page"}],"author":[{"embeddable":true,"href":"https:\/\/shushinkanaikikai.es\/en\/wp-json\/wp\/v2\/users\/1"}],"replies":[{"embeddable":true,"href":"https:\/\/shushinkanaikikai.es\/en\/wp-json\/wp\/v2\/comments?post=1478"}],"version-history":[{"count":4,"href":"https:\/\/shushinkanaikikai.es\/en\/wp-json\/wp\/v2\/pages\/1478\/revisions"}],"predecessor-version":[{"id":1484,"href":"https:\/\/shushinkanaikikai.es\/en\/wp-json\/wp\/v2\/pages\/1478\/revisions\/1484"}],"wp:attachment":[{"href":"https:\/\/shushinkanaikikai.es\/en\/wp-json\/wp\/v2\/media?parent=1478"}],"curies":[{"name":"wp","href":"https:\/\/api.w.org\/{rel}","templated":true}]}}