{"id":1465,"date":"2025-08-18T17:17:28","date_gmt":"2025-08-18T15:17:28","guid":{"rendered":"https:\/\/shushinkanaikikai.es\/?page_id=1465"},"modified":"2025-08-18T17:23:01","modified_gmt":"2025-08-18T15:23:01","slug":"ushiro-kiri-otoshi","status":"publish","type":"page","link":"https:\/\/shushinkanaikikai.es\/en\/ushiro-kiri-otoshi\/","title":{"rendered":"USHIRO KIRI OTOSHI"},"content":{"rendered":"<div data-elementor-type=\"wp-page\" data-elementor-id=\"1465\" class=\"elementor elementor-1465\">\n\t\t\t\t<div class=\"elementor-element elementor-element-8022a13 e-flex e-con-boxed e-con e-parent\" data-id=\"8022a13\" data-element_type=\"container\" data-e-type=\"container\">\n\t\t\t\t\t<div class=\"e-con-inner\">\n\t\t<div class=\"elementor-element elementor-element-618b5a2 e-con-full e-flex e-con e-child\" data-id=\"618b5a2\" data-element_type=\"container\" data-e-type=\"container\">\n\t\t\t\t<div class=\"elementor-element elementor-element-a084c08 elementor-widget elementor-widget-heading\" data-id=\"a084c08\" data-element_type=\"widget\" data-e-type=\"widget\" data-widget_type=\"heading.default\">\n\t\t\t\t<div class=\"elementor-widget-container\">\n\t\t\t\t\t<h2 class=\"elementor-heading-title elementor-size-default\">Ushiro kiri otoshi (\u5f8c\u308d\u5207\u308a\u843d\u3057)<\/h2>\t\t\t\t<\/div>\n\t\t\t\t<\/div>\n\t\t\t\t<\/div>\n\t\t\t\t\t<\/div>\n\t\t\t\t<\/div>\n\t\t<div class=\"elementor-element elementor-element-76471c4 e-flex e-con-boxed e-con e-parent\" data-id=\"76471c4\" data-element_type=\"container\" data-e-type=\"container\">\n\t\t\t\t\t<div class=\"e-con-inner\">\n\t\t\t\t<div class=\"elementor-element elementor-element-b39c23f elementor-widget elementor-widget-text-editor\" data-id=\"b39c23f\" data-element_type=\"widget\" data-e-type=\"widget\" data-widget_type=\"text-editor.default\">\n\t\t\t\t<div class=\"elementor-widget-container\">\n\t\t\t\t\t\t\t\t\t<div><strong>Ushiro<\/strong>: behind.<\/div><div><strong>Kiri Otoshi<\/strong>: fall with cut.<\/div>\t\t\t\t\t\t\t\t<\/div>\n\t\t\t\t<\/div>\n\t\t\t\t\t<\/div>\n\t\t\t\t<\/div>\n\t\t<div class=\"elementor-element elementor-element-f7e3de5 e-grid e-con-boxed e-con e-parent\" data-id=\"f7e3de5\" data-element_type=\"container\" data-e-type=\"container\">\n\t\t\t\t\t<div class=\"e-con-inner\">\n\t\t\t\t<div class=\"elementor-element elementor-element-bfc49f3 elementor-widget elementor-widget-image\" data-id=\"bfc49f3\" data-element_type=\"widget\" data-e-type=\"widget\" data-widget_type=\"image.default\">\n\t\t\t\t<div class=\"elementor-widget-container\">\n\t\t\t\t\t\t\t\t\t\t\t\t<figure class=\"wp-caption\">\n\t\t\t\t\t\t\t\t\t\t<img fetchpriority=\"high\" decoding=\"async\" width=\"294\" height=\"267\" src=\"https:\/\/shushinkanaikikai.es\/wp-content\/uploads\/2025\/08\/seleccic3b3n_072.webp\" class=\"attachment-medium size-medium wp-image-1467\" alt=\"\" srcset=\"https:\/\/shushinkanaikikai.es\/wp-content\/uploads\/2025\/08\/seleccic3b3n_072.webp 294w, https:\/\/shushinkanaikikai.es\/wp-content\/uploads\/2025\/08\/seleccic3b3n_072-13x12.webp 13w\" sizes=\"(max-width: 294px) 100vw, 294px\" \/>\t\t\t\t\t\t\t\t\t\t\t<figcaption class=\"widget-image-caption wp-caption-text\">Paul Muller, 7\u00ba dan<\/figcaption>\n\t\t\t\t\t\t\t\t\t\t<\/figure>\n\t\t\t\t\t\t\t\t\t<\/div>\n\t\t\t\t<\/div>\n\t\t\t\t<div class=\"elementor-element elementor-element-da78a72 elementor-widget elementor-widget-text-editor\" data-id=\"da78a72\" data-element_type=\"widget\" data-e-type=\"widget\" data-widget_type=\"text-editor.default\">\n\t\t\t\t<div class=\"elementor-widget-container\">\n\t\t\t\t\t\t\t\t\t<p>Quick movement in irimi to then cross behind uke, controlling his back, usually by the shoulders, and projecting him towards the ground.<\/p>\t\t\t\t\t\t\t\t<\/div>\n\t\t\t\t<\/div>\n\t\t\t\t\t<\/div>\n\t\t\t\t<\/div>\n\t\t<div class=\"elementor-element elementor-element-8cf8623 e-flex e-con-boxed e-con e-parent\" data-id=\"8cf8623\" data-element_type=\"container\" data-e-type=\"container\">\n\t\t\t\t\t<div class=\"e-con-inner\">\n\t\t\t\t<div class=\"elementor-element elementor-element-d37b6bf elementor-widget elementor-widget-image\" data-id=\"d37b6bf\" data-element_type=\"widget\" data-e-type=\"widget\" data-widget_type=\"image.default\">\n\t\t\t\t<div class=\"elementor-widget-container\">\n\t\t\t\t\t\t\t\t\t\t\t\t\t\t\t<img decoding=\"async\" width=\"691\" height=\"836\" src=\"https:\/\/shushinkanaikikai.es\/wp-content\/uploads\/2025\/08\/seleccic3b3n_070.jpg\" class=\"attachment-medium_large size-medium_large wp-image-1468\" alt=\"\" srcset=\"https:\/\/shushinkanaikikai.es\/wp-content\/uploads\/2025\/08\/seleccic3b3n_070.jpg 691w, https:\/\/shushinkanaikikai.es\/wp-content\/uploads\/2025\/08\/seleccic3b3n_070-248x300.jpg 248w, https:\/\/shushinkanaikikai.es\/wp-content\/uploads\/2025\/08\/seleccic3b3n_070-10x12.jpg 10w\" sizes=\"(max-width: 691px) 100vw, 691px\" \/>\t\t\t\t\t\t\t\t\t\t\t\t\t\t\t<\/div>\n\t\t\t\t<\/div>\n\t\t\t\t\t<\/div>\n\t\t\t\t<\/div>\n\t\t<div class=\"elementor-element elementor-element-b5a5c07 e-flex e-con-boxed e-con e-parent\" data-id=\"b5a5c07\" data-element_type=\"container\" data-e-type=\"container\">\n\t\t\t\t\t<div class=\"e-con-inner\">\n\t\t\t\t<div class=\"elementor-element elementor-element-bc1fb4a elementor-widget elementor-widget-heading\" data-id=\"bc1fb4a\" data-element_type=\"widget\" data-e-type=\"widget\" data-widget_type=\"heading.default\">\n\t\t\t\t<div class=\"elementor-widget-container\">\n\t\t\t\t\t<h2 class=\"elementor-heading-title elementor-size-default\">Ushiro kiri otoshi<\/h2>\t\t\t\t<\/div>\n\t\t\t\t<\/div>\n\t\t\t\t\t<\/div>\n\t\t\t\t<\/div>\n\t\t<div class=\"elementor-element elementor-element-3f088dd e-flex e-con-boxed e-con e-parent\" data-id=\"3f088dd\" data-element_type=\"container\" data-e-type=\"container\">\n\t\t\t\t\t<div class=\"e-con-inner\">\n\t\t\t\t<div class=\"elementor-element elementor-element-b84db70 elementor-widget elementor-widget-video\" data-id=\"b84db70\" data-element_type=\"widget\" data-e-type=\"widget\" data-settings=\"{&quot;youtube_url&quot;:&quot;https:\\\/\\\/youtu.be\\\/Mc4dDw_0Wmo&quot;,&quot;video_type&quot;:&quot;youtube&quot;,&quot;controls&quot;:&quot;yes&quot;}\" data-widget_type=\"video.default\">\n\t\t\t\t<div class=\"elementor-widget-container\">\n\t\t\t\t\t\t\t<div class=\"elementor-wrapper elementor-open-inline\">\n\t\t\t<div class=\"elementor-video\"><\/div>\t\t<\/div>\n\t\t\t\t\t\t<\/div>\n\t\t\t\t<\/div>\n\t\t\t\t\t<\/div>\n\t\t\t\t<\/div>\n\t\t<div class=\"elementor-element elementor-element-f9c814a e-flex e-con-boxed e-con e-parent\" data-id=\"f9c814a\" data-element_type=\"container\" data-e-type=\"container\">\n\t\t\t\t\t<div class=\"e-con-inner\">\n\t\t\t\t<div class=\"elementor-element elementor-element-edb6e7b elementor-widget elementor-widget-heading\" data-id=\"edb6e7b\" data-element_type=\"widget\" data-e-type=\"widget\" data-widget_type=\"heading.default\">\n\t\t\t\t<div class=\"elementor-widget-container\">\n\t\t\t\t\t<h2 class=\"elementor-heading-title elementor-size-default\"><a href=\"http:\/\/www.aikido-paul-muller.com\/\" target=\"_blank\">Paul Muller, 7\u00ba dan<\/a><\/h2>\t\t\t\t<\/div>\n\t\t\t\t<\/div>\n\t\t\t\t\t<\/div>\n\t\t\t\t<\/div>\n\t\t<div class=\"elementor-element elementor-element-53222c1 e-flex e-con-boxed e-con e-parent\" data-id=\"53222c1\" data-element_type=\"container\" data-e-type=\"container\">\n\t\t\t\t\t<div class=\"e-con-inner\">\n\t\t\t\t<div class=\"elementor-element elementor-element-75d66c9 elementor-widget elementor-widget-video\" data-id=\"75d66c9\" data-element_type=\"widget\" data-e-type=\"widget\" data-settings=\"{&quot;youtube_url&quot;:&quot;https:\\\/\\\/youtu.be\\\/srfjVjm5ge8&quot;,&quot;video_type&quot;:&quot;youtube&quot;,&quot;controls&quot;:&quot;yes&quot;}\" data-widget_type=\"video.default\">\n\t\t\t\t<div class=\"elementor-widget-container\">\n\t\t\t\t\t\t\t<div class=\"elementor-wrapper elementor-open-inline\">\n\t\t\t<div class=\"elementor-video\"><\/div>\t\t<\/div>\n\t\t\t\t\t\t<\/div>\n\t\t\t\t<\/div>\n\t\t\t\t\t<\/div>\n\t\t\t\t<\/div>\n\t\t\t\t<\/div>","protected":false},"excerpt":{"rendered":"<p>Ushiro kiri otoshi (\u5f8c\u308d\u5207\u308a\u843d\u3057) Ushiro: detr\u00e1s.Kiri Otoshi: ca\u00edda con corte. Paul Muller, 7\u00ba dan R\u00e1pido desplazamiento en irimi para cruzar despu\u00e9s por detr\u00e1s de uke controlando su espalda, normalmente por los hombros, y proyectarlo hacia el suelo. Ushiro kiri otoshi Paul Muller, 7\u00ba dan<\/p>","protected":false},"author":1,"featured_media":0,"parent":0,"menu_order":0,"comment_status":"closed","ping_status":"closed","template":"","meta":{"site-sidebar-layout":"no-sidebar","site-content-layout":"page-builder","ast-site-content-layout":"full-width-container","site-content-style":"default","site-sidebar-style":"default","ast-global-header-display":"","ast-banner-title-visibility":"","ast-main-header-display":"","ast-hfb-above-header-display":"","ast-hfb-below-header-display":"","ast-hfb-mobile-header-display":"","site-post-title":"disabled","ast-breadcrumbs-content":"","ast-featured-img":"disabled","footer-sml-layout":"","theme-transparent-header-meta":"","adv-header-id-meta":"","stick-header-meta":"","header-above-stick-meta":"","header-main-stick-meta":"","header-below-stick-meta":"","astra-migrate-meta-layouts":"default","ast-page-background-enabled":"default","ast-page-background-meta":{"desktop":{"background-color":"","background-image":"","background-repeat":"repeat","background-position":"center center","background-size":"auto","background-attachment":"scroll","background-type":"","background-media":"","overlay-type":"","overlay-color":"","overlay-opacity":"","overlay-gradient":""},"tablet":{"background-color":"","background-image":"","background-repeat":"repeat","background-position":"center center","background-size":"auto","background-attachment":"scroll","background-type":"","background-media":"","overlay-type":"","overlay-color":"","overlay-opacity":"","overlay-gradient":""},"mobile":{"background-color":"","background-image":"","background-repeat":"repeat","background-position":"center center","background-size":"auto","background-attachment":"scroll","background-type":"","background-media":"","overlay-type":"","overlay-color":"","overlay-opacity":"","overlay-gradient":""}},"ast-content-background-meta":{"desktop":{"background-color":"var(--ast-global-color-5)","background-image":"","background-repeat":"repeat","background-position":"center center","background-size":"auto","background-attachment":"scroll","background-type":"","background-media":"","overlay-type":"","overlay-color":"","overlay-opacity":"","overlay-gradient":""},"tablet":{"background-color":"var(--ast-global-color-5)","background-image":"","background-repeat":"repeat","background-position":"center center","background-size":"auto","background-attachment":"scroll","background-type":"","background-media":"","overlay-type":"","overlay-color":"","overlay-opacity":"","overlay-gradient":""},"mobile":{"background-color":"var(--ast-global-color-5)","background-image":"","background-repeat":"repeat","background-position":"center center","background-size":"auto","background-attachment":"scroll","background-type":"","background-media":"","overlay-type":"","overlay-color":"","overlay-opacity":"","overlay-gradient":""}},"footnotes":""},"class_list":["post-1465","page","type-page","status-publish","hentry"],"_links":{"self":[{"href":"https:\/\/shushinkanaikikai.es\/en\/wp-json\/wp\/v2\/pages\/1465","targetHints":{"allow":["GET"]}}],"collection":[{"href":"https:\/\/shushinkanaikikai.es\/en\/wp-json\/wp\/v2\/pages"}],"about":[{"href":"https:\/\/shushinkanaikikai.es\/en\/wp-json\/wp\/v2\/types\/page"}],"author":[{"embeddable":true,"href":"https:\/\/shushinkanaikikai.es\/en\/wp-json\/wp\/v2\/users\/1"}],"replies":[{"embeddable":true,"href":"https:\/\/shushinkanaikikai.es\/en\/wp-json\/wp\/v2\/comments?post=1465"}],"version-history":[{"count":4,"href":"https:\/\/shushinkanaikikai.es\/en\/wp-json\/wp\/v2\/pages\/1465\/revisions"}],"predecessor-version":[{"id":1471,"href":"https:\/\/shushinkanaikikai.es\/en\/wp-json\/wp\/v2\/pages\/1465\/revisions\/1471"}],"wp:attachment":[{"href":"https:\/\/shushinkanaikikai.es\/en\/wp-json\/wp\/v2\/media?parent=1465"}],"curies":[{"name":"wp","href":"https:\/\/api.w.org\/{rel}","templated":true}]}}