{"id":1363,"date":"2025-07-22T17:13:34","date_gmt":"2025-07-22T15:13:34","guid":{"rendered":"https:\/\/shushinkanaikikai.es\/?page_id=1363"},"modified":"2025-07-22T18:58:31","modified_gmt":"2025-07-22T16:58:31","slug":"aviso-legal","status":"publish","type":"page","link":"https:\/\/shushinkanaikikai.es\/en\/aviso-legal\/","title":{"rendered":"Legal Notice"},"content":{"rendered":"<div data-elementor-type=\"wp-page\" data-elementor-id=\"1363\" class=\"elementor elementor-1363\">\n\t\t\t\t<div class=\"elementor-element elementor-element-68bad5b e-flex e-con-boxed e-con e-parent\" data-id=\"68bad5b\" data-element_type=\"container\" data-e-type=\"container\">\n\t\t\t\t\t<div class=\"e-con-inner\">\n\t\t\t\t<div class=\"elementor-element elementor-element-4b18cd8 elementor-widget elementor-widget-heading\" data-id=\"4b18cd8\" data-element_type=\"widget\" data-e-type=\"widget\" data-widget_type=\"heading.default\">\n\t\t\t\t<div class=\"elementor-widget-container\">\n\t\t\t\t\t<h2 class=\"elementor-heading-title elementor-size-default\">Legal Notice<\/h2>\t\t\t\t<\/div>\n\t\t\t\t<\/div>\n\t\t\t\t\t<\/div>\n\t\t\t\t<\/div>\n\t\t<div class=\"elementor-element elementor-element-ca028cf e-flex e-con-boxed e-con e-parent\" data-id=\"ca028cf\" data-element_type=\"container\" data-e-type=\"container\">\n\t\t\t\t\t<div class=\"e-con-inner\">\n\t\t\t\t<div class=\"elementor-element elementor-element-94747f0 elementor-widget elementor-widget-text-editor\" data-id=\"94747f0\" data-element_type=\"widget\" data-e-type=\"widget\" data-widget_type=\"text-editor.default\">\n\t\t\t\t<div class=\"elementor-widget-container\">\n\t\t\t\t\t\t\t\t\t<p data-start=\"195\" data-end=\"446\"><strong data-start=\"195\" data-end=\"221\">1. General information<\/strong><br data-start=\"221\" data-end=\"224\" \/>In compliance with Article 10 of Law 34\/2002, of July 11, on Information Society Services and Electronic Commerce, the following are the identifying details of the owner of this website:<\/p><ul data-start=\"448\" data-end=\"707\"><li data-start=\"448\" data-end=\"484\"><p data-start=\"450\" data-end=\"484\"><strong data-start=\"450\" data-end=\"462\">Headline:<\/strong> Shushinkan Aikikai<\/p><\/li><li data-start=\"485\" data-end=\"542\"><p data-start=\"487\" data-end=\"542\"><strong data-start=\"487\" data-end=\"513\">Name:<\/strong> Hugo Aguirre<\/p><\/li><li data-start=\"575\" data-end=\"614\"><p data-start=\"577\" data-end=\"614\"><strong data-start=\"577\" data-end=\"591\">Home:<\/strong> Carrer dels Mestres, 14, 17310 Lloret de Mar, Girona<\/p><\/li><li data-start=\"615\" data-end=\"672\"><p data-start=\"617\" data-end=\"672\"><strong data-start=\"617\" data-end=\"640\">Email: <\/strong><span style=\"color: #0000ff;\">dojotenshin<a class=\"cursor-pointer\" style=\"color: #0000ff;\" rel=\"noopener\" data-start=\"641\" data-end=\"670\">@gmail.com<\/a><\/span><\/p><\/li><li data-start=\"673\" data-end=\"707\"><p data-start=\"675\" data-end=\"707\"><strong data-start=\"675\" data-end=\"688\">Phone:<\/strong> +34 674 55 46 66\u00a0<\/p><\/li><\/ul><p data-start=\"709\" data-end=\"1081\"><strong data-start=\"709\" data-end=\"745\">2. Purpose and scope of application<\/strong><br data-start=\"745\" data-end=\"748\" \/>This Legal Notice regulates the use and access to the website <a class=\"\" href=\"https:\/\/shushinkanaikikai.es\/en\/\" target=\"_new\" rel=\"noopener\" data-start=\"808\" data-end=\"837\">https:\/\/shushinkanaikikai.es\/<\/a> (hereinafter, \"the Website\"). Mere access and\/or use of its contents grants you the status of \"User\" and implies full acceptance of all the clauses included in this Legal Notice, which may be modified without prior notice.<\/p><p data-start=\"1083\" data-end=\"1110\"><strong data-start=\"1083\" data-end=\"1108\">3. Conditions of use<\/strong><\/p><ul data-start=\"1111\" data-end=\"1519\"><li data-start=\"1111\" data-end=\"1296\"><p data-start=\"1113\" data-end=\"1296\">The User agrees to use the Website, its services, and content without violating current legislation, good faith, generally accepted practices, and public order.<\/p><\/li><li data-start=\"1297\" data-end=\"1519\"><p data-start=\"1299\" data-end=\"1519\">The use of the Website for illegal purposes or purposes that harm the rights and interests of third parties, or that in any way may damage, disable, or overload Shushin Kanai Kikai's computer systems, is prohibited.<\/p><\/li><\/ul><p data-start=\"1521\" data-end=\"1564\"><strong data-start=\"1521\" data-end=\"1562\">4. Intellectual and industrial property<\/strong><\/p><ul data-start=\"1565\" data-end=\"2015\"><li data-start=\"1565\" data-end=\"1866\"><p data-start=\"1567\" data-end=\"1866\">All content, trademarks, logos, designs, graphics, text, audio and video files, software, and other elements of the Website are protected by intellectual and industrial property regulations and are the property of Shushinkan Aikikai or third parties that have authorized their inclusion.<\/p><\/li><li data-start=\"1867\" data-end=\"2015\"><p data-start=\"1869\" data-end=\"2015\">Any reproduction, distribution, public communication or transformation, in whole or in part, is prohibited without the express authorization of the owner.<\/p><\/li><\/ul><p data-start=\"2017\" data-end=\"2053\"><strong data-start=\"2017\" data-end=\"2051\">5. Disclaimer<\/strong><\/p><ul data-start=\"2054\" data-end=\"2454\"><li data-start=\"2054\" data-end=\"2263\"><p data-start=\"2056\" data-end=\"2263\">Shushinkan Aikikai is not responsible for any errors or omissions in the contents of the Website or for any damages resulting from its use or from acting based on the information provided therein.<\/p><\/li><li data-start=\"2264\" data-end=\"2454\"><p data-start=\"2266\" data-end=\"2454\">Nor will it be responsible for third-party content accessed through links; the mere appearance of these links does not imply the existence of an agreement with their owners.<\/p><\/li><\/ul><p data-start=\"2456\" data-end=\"2495\"><strong data-start=\"2456\" data-end=\"2493\">6. Protection of personal data<\/strong><\/p><ul data-start=\"2496\" data-end=\"2764\"><li data-start=\"2496\" data-end=\"2644\"><p data-start=\"2498\" data-end=\"2644\">The processing of your personal data is governed by our Privacy Policy, which you can consult at Privacy Policy.<\/p><\/li><li data-start=\"2645\" data-end=\"2764\"><p data-start=\"2647\" data-end=\"2764\">For more information about the use of cookies, please consult our <a href=\"https:\/\/shushinkanaikikai.es\/en\/politica-de-cookies\/\" target=\"_blank\" rel=\"noopener\">Cookies Policy<\/a>.<\/p><\/li><\/ul><p data-start=\"2766\" data-end=\"2784\"><strong data-start=\"2766\" data-end=\"2782\">7. Security<\/strong><\/p><ul data-start=\"2785\" data-end=\"3057\"><li data-start=\"2785\" data-end=\"3057\"><p data-start=\"2787\" data-end=\"3057\">Shushinkan Aikikai employs security systems appropriate to the nature of the data and the risks of processing, as established in Regulation (EU) 2016\/679 (GDPR) and Organic Law 3\/2018 on the Protection of Personal Data and the Guarantee of Digital Rights.<\/p><\/li><\/ul><p data-start=\"3059\" data-end=\"3093\"><strong data-start=\"3059\" data-end=\"3091\">8. Validity and modifications<\/strong><\/p><ul data-start=\"3094\" data-end=\"3406\"><li data-start=\"3094\" data-end=\"3251\"><p data-start=\"3096\" data-end=\"3251\">This Legal Notice takes effect from its publication date and will remain in effect until modified or updated by Shushinkan Aikikai.<\/p><\/li><li data-start=\"3252\" data-end=\"3406\"><p data-start=\"3254\" data-end=\"3406\">Shushinkan Aikikai reserves the right to update, modify or change any information contained on the Website without prior notice.<\/p><\/li><\/ul><p data-start=\"3408\" data-end=\"3453\"><strong data-start=\"3408\" data-end=\"3451\">9. Applicable legislation and jurisdiction<\/strong><\/p><ul data-start=\"3454\" data-end=\"3739\"><li data-start=\"3454\" data-end=\"3511\"><p data-start=\"3456\" data-end=\"3511\">The conditions are governed by Spanish law.<\/p><\/li><li data-start=\"3512\" data-end=\"3739\"><p data-start=\"3514\" data-end=\"3739\">Para la resoluci\u00f3n de cualquier controversia que pudiera derivarse del acceso o uso del Sitio Web, las partes se someten a los Juzgados y Tribunales de Girona, renunciando a cualquier otro fuero que pudiera corresponderles.<\/p><\/li><\/ul>\t\t\t\t\t\t\t\t<\/div>\n\t\t\t\t<\/div>\n\t\t\t\t\t<\/div>\n\t\t\t\t<\/div>\n\t\t\t\t<\/div>","protected":false},"excerpt":{"rendered":"<p>Aviso Legal 1. Informaci\u00f3n generalEn cumplimiento con el art\u00edculo 10 de la Ley 34\/2002, de 11 de julio, de Servicios de la Sociedad de la Informaci\u00f3n y Comercio Electr\u00f3nico, a continuaci\u00f3n se ofrecen los datos identificativos del titular de este sitio web: Titular: Shushinkan Aikikai Nombre: Hugo Aguirre Domicilio: Carrer dels Mestres, 14, 17310 Lloret [&hellip;]<\/p>\n","protected":false},"author":1,"featured_media":0,"parent":0,"menu_order":0,"comment_status":"closed","ping_status":"closed","template":"","meta":{"site-sidebar-layout":"no-sidebar","site-content-layout":"page-builder","ast-site-content-layout":"full-width-container","site-content-style":"default","site-sidebar-style":"default","ast-global-header-display":"","ast-banner-title-visibility":"","ast-main-header-display":"","ast-hfb-above-header-display":"","ast-hfb-below-header-display":"","ast-hfb-mobile-header-display":"","site-post-title":"disabled","ast-breadcrumbs-content":"","ast-featured-img":"disabled","footer-sml-layout":"","theme-transparent-header-meta":"","adv-header-id-meta":"","stick-header-meta":"","header-above-stick-meta":"","header-main-stick-meta":"","header-below-stick-meta":"","astra-migrate-meta-layouts":"default","ast-page-background-enabled":"default","ast-page-background-meta":{"desktop":{"background-color":"","background-image":"","background-repeat":"repeat","background-position":"center center","background-size":"auto","background-attachment":"scroll","background-type":"","background-media":"","overlay-type":"","overlay-color":"","overlay-opacity":"","overlay-gradient":""},"tablet":{"background-color":"","background-image":"","background-repeat":"repeat","background-position":"center center","background-size":"auto","background-attachment":"scroll","background-type":"","background-media":"","overlay-type":"","overlay-color":"","overlay-opacity":"","overlay-gradient":""},"mobile":{"background-color":"","background-image":"","background-repeat":"repeat","background-position":"center center","background-size":"auto","background-attachment":"scroll","background-type":"","background-media":"","overlay-type":"","overlay-color":"","overlay-opacity":"","overlay-gradient":""}},"ast-content-background-meta":{"desktop":{"background-color":"var(--ast-global-color-5)","background-image":"","background-repeat":"repeat","background-position":"center center","background-size":"auto","background-attachment":"scroll","background-type":"","background-media":"","overlay-type":"","overlay-color":"","overlay-opacity":"","overlay-gradient":""},"tablet":{"background-color":"var(--ast-global-color-5)","background-image":"","background-repeat":"repeat","background-position":"center center","background-size":"auto","background-attachment":"scroll","background-type":"","background-media":"","overlay-type":"","overlay-color":"","overlay-opacity":"","overlay-gradient":""},"mobile":{"background-color":"var(--ast-global-color-5)","background-image":"","background-repeat":"repeat","background-position":"center center","background-size":"auto","background-attachment":"scroll","background-type":"","background-media":"","overlay-type":"","overlay-color":"","overlay-opacity":"","overlay-gradient":""}},"footnotes":""},"class_list":["post-1363","page","type-page","status-publish","hentry"],"_links":{"self":[{"href":"https:\/\/shushinkanaikikai.es\/en\/wp-json\/wp\/v2\/pages\/1363","targetHints":{"allow":["GET"]}}],"collection":[{"href":"https:\/\/shushinkanaikikai.es\/en\/wp-json\/wp\/v2\/pages"}],"about":[{"href":"https:\/\/shushinkanaikikai.es\/en\/wp-json\/wp\/v2\/types\/page"}],"author":[{"embeddable":true,"href":"https:\/\/shushinkanaikikai.es\/en\/wp-json\/wp\/v2\/users\/1"}],"replies":[{"embeddable":true,"href":"https:\/\/shushinkanaikikai.es\/en\/wp-json\/wp\/v2\/comments?post=1363"}],"version-history":[{"count":10,"href":"https:\/\/shushinkanaikikai.es\/en\/wp-json\/wp\/v2\/pages\/1363\/revisions"}],"predecessor-version":[{"id":1385,"href":"https:\/\/shushinkanaikikai.es\/en\/wp-json\/wp\/v2\/pages\/1363\/revisions\/1385"}],"wp:attachment":[{"href":"https:\/\/shushinkanaikikai.es\/en\/wp-json\/wp\/v2\/media?parent=1363"}],"curies":[{"name":"wp","href":"https:\/\/api.w.org\/{rel}","templated":true}]}}