{"id":1262,"date":"2025-07-08T18:25:16","date_gmt":"2025-07-08T16:25:16","guid":{"rendered":"https:\/\/shushinkanaikikai.es\/?page_id=1262"},"modified":"2025-07-08T18:36:19","modified_gmt":"2025-07-08T16:36:19","slug":"yonkyo","status":"publish","type":"page","link":"https:\/\/shushinkanaikikai.es\/en\/yonkyo\/","title":{"rendered":"YONKYO"},"content":{"rendered":"<div data-elementor-type=\"wp-page\" data-elementor-id=\"1262\" class=\"elementor elementor-1262\">\n\t\t\t\t<div class=\"elementor-element elementor-element-607ddf5 e-flex e-con-boxed e-con e-parent\" data-id=\"607ddf5\" data-element_type=\"container\" data-e-type=\"container\">\n\t\t\t\t\t<div class=\"e-con-inner\">\n\t\t<div class=\"elementor-element elementor-element-57b1978 e-con-full e-flex e-con e-child\" data-id=\"57b1978\" data-element_type=\"container\" data-e-type=\"container\">\n\t\t\t\t<div class=\"elementor-element elementor-element-e36516a elementor-widget elementor-widget-heading\" data-id=\"e36516a\" data-element_type=\"widget\" data-e-type=\"widget\" data-widget_type=\"heading.default\">\n\t\t\t\t<div class=\"elementor-widget-container\">\n\t\t\t\t\t<h2 class=\"elementor-heading-title elementor-size-default\">Yonkyo (\u56db\u6559)<\/h2>\t\t\t\t<\/div>\n\t\t\t\t<\/div>\n\t\t\t\t<\/div>\n\t\t\t\t\t<\/div>\n\t\t\t\t<\/div>\n\t\t<div class=\"elementor-element elementor-element-97c7c7b e-flex e-con-boxed e-con e-parent\" data-id=\"97c7c7b\" data-element_type=\"container\" data-e-type=\"container\">\n\t\t\t\t\t<div class=\"e-con-inner\">\n\t\t\t\t<div class=\"elementor-element elementor-element-05e0b47 elementor-widget elementor-widget-text-editor\" data-id=\"05e0b47\" data-element_type=\"widget\" data-e-type=\"widget\" data-widget_type=\"text-editor.default\">\n\t\t\t\t<div class=\"elementor-widget-container\">\n\t\t\t\t\t\t\t\t\t<div><strong>Yon<\/strong>: four.<\/div><div><strong>Kyo<\/strong>Kyo: form, model, teaching, principle.<\/div>\t\t\t\t\t\t\t\t<\/div>\n\t\t\t\t<\/div>\n\t\t\t\t\t<\/div>\n\t\t\t\t<\/div>\n\t\t<div class=\"elementor-element elementor-element-38244e7 e-flex e-con-boxed e-con e-parent\" data-id=\"38244e7\" data-element_type=\"container\" data-e-type=\"container\">\n\t\t\t\t\t<div class=\"e-con-inner\">\n\t\t\t\t<div class=\"elementor-element elementor-element-380fa60 elementor-widget elementor-widget-text-editor\" data-id=\"380fa60\" data-element_type=\"widget\" data-e-type=\"widget\" data-widget_type=\"text-editor.default\">\n\t\t\t\t<div class=\"elementor-widget-container\">\n\t\t\t\t\t\t\t\t\t<p>Fourth lesson is an immobilization caused by pressure exerted near the ulnar nerve, about 4 fingers from the wrist.<br \/>Uke's forearm is controlled as if holding a bokken, closing the fingers firmly, and pressing with the base of the knuckle of the index finger on the inside of his forearm, producing a painful sensation.<\/p>\t\t\t\t\t\t\t\t<\/div>\n\t\t\t\t<\/div>\n\t\t\t\t\t<\/div>\n\t\t\t\t<\/div>\n\t\t<div class=\"elementor-element elementor-element-539906e e-grid e-con-full e-con e-parent\" data-id=\"539906e\" data-element_type=\"container\" data-e-type=\"container\">\n\t\t\t\t<div class=\"elementor-element elementor-element-5f638a2 elementor-widget elementor-widget-image\" data-id=\"5f638a2\" data-element_type=\"widget\" data-e-type=\"widget\" data-widget_type=\"image.default\">\n\t\t\t\t<div class=\"elementor-widget-container\">\n\t\t\t\t\t\t\t\t\t\t\t\t\t\t\t<img fetchpriority=\"high\" decoding=\"async\" width=\"669\" height=\"846\" src=\"https:\/\/shushinkanaikikai.es\/wp-content\/uploads\/2025\/07\/YONKYO.jpg\" class=\"attachment-medium_large size-medium_large wp-image-1264\" alt=\"\" srcset=\"https:\/\/shushinkanaikikai.es\/wp-content\/uploads\/2025\/07\/YONKYO.jpg 669w, https:\/\/shushinkanaikikai.es\/wp-content\/uploads\/2025\/07\/YONKYO-237x300.jpg 237w, https:\/\/shushinkanaikikai.es\/wp-content\/uploads\/2025\/07\/YONKYO-9x12.jpg 9w\" sizes=\"(max-width: 669px) 100vw, 669px\" \/>\t\t\t\t\t\t\t\t\t\t\t\t\t\t\t<\/div>\n\t\t\t\t<\/div>\n\t\t\t\t<div class=\"elementor-element elementor-element-8894e7c elementor-widget elementor-widget-image\" data-id=\"8894e7c\" data-element_type=\"widget\" data-e-type=\"widget\" data-widget_type=\"image.default\">\n\t\t\t\t<div class=\"elementor-widget-container\">\n\t\t\t\t\t\t\t\t\t\t\t\t<figure class=\"wp-caption\">\n\t\t\t\t\t\t\t\t\t\t<img decoding=\"async\" width=\"518\" height=\"448\" src=\"https:\/\/shushinkanaikikai.es\/wp-content\/uploads\/2025\/07\/YONKYO.gif\" class=\"attachment-medium_large size-medium_large wp-image-1265\" alt=\"\" \/>\t\t\t\t\t\t\t\t\t\t\t<figcaption class=\"widget-image-caption wp-caption-text\">Suwari waza \u2013 Shomen uchi yonkyo<\/figcaption>\n\t\t\t\t\t\t\t\t\t\t<\/figure>\n\t\t\t\t\t\t\t\t\t<\/div>\n\t\t\t\t<\/div>\n\t\t\t\t<\/div>\n\t\t<div class=\"elementor-element elementor-element-cdf51a8 e-flex e-con-boxed e-con e-parent\" data-id=\"cdf51a8\" data-element_type=\"container\" data-e-type=\"container\">\n\t\t\t\t\t<div class=\"e-con-inner\">\n\t\t\t\t<div class=\"elementor-element elementor-element-c05196a elementor-widget elementor-widget-text-editor\" data-id=\"c05196a\" data-element_type=\"widget\" data-e-type=\"widget\" data-widget_type=\"text-editor.default\">\n\t\t\t\t<div class=\"elementor-widget-container\">\n\t\t\t\t\t\t\t\t\t<div>Less experienced aikidokas may have trouble<span id=\"result_box\" class=\"\" lang=\"es\"><span class=\"hps\">\u00a0finding the<\/span>\u00a0<span class=\"hps\">right place in<\/span>\u00a0<span class=\"hps\">to<\/span>\u00a0<span class=\"hps\">apply<\/span>\u00a0<span class=\"hps\">pressure<\/span>,\u00a0<span class=\"hps\">and<\/span>\u00a0may be unsure how to gain control over uke's forearm.<\/span><\/div><div><span id=\"result_box\" class=\"\" lang=\"es\"><span class=\"hps\">The<\/span>\u00a0<span class=\"hps\">grip<\/span>\u00a0is very\u00a0<span class=\"hps\">similar<\/span>\u00a0<span class=\"hps\">to holding a bokken<\/span><span class=\"hps\">, with a slight inward rotation of the hands<\/span>, and it is the\u00a0<span class=\"hps\">base of<\/span>\u00a0<span class=\"hps\">knuckle<\/span>\u00a0<span class=\"hps\">of the index finger<\/span>\u00a0<span class=\"hps\">of the front<\/span>\u00a0<span class=\"hps\">hand<\/span>\u00a0<span class=\"hps\">that is exerting pressure\u00a0<\/span>on the inside of the forearm.<\/span><\/div>\t\t\t\t\t\t\t\t<\/div>\n\t\t\t\t<\/div>\n\t\t\t\t\t<\/div>\n\t\t\t\t<\/div>\n\t\t<div class=\"elementor-element elementor-element-c30d302 e-flex e-con-boxed e-con e-parent\" data-id=\"c30d302\" data-element_type=\"container\" data-e-type=\"container\">\n\t\t\t\t\t<div class=\"e-con-inner\">\n\t\t\t\t<div class=\"elementor-element elementor-element-6afbcd7 elementor-widget elementor-widget-heading\" data-id=\"6afbcd7\" data-element_type=\"widget\" data-e-type=\"widget\" data-widget_type=\"heading.default\">\n\t\t\t\t<div class=\"elementor-widget-container\">\n\t\t\t\t\t<h2 class=\"elementor-heading-title elementor-size-default\"><a href=\"https:\/\/www.nyaikikai.com\/\" target=\"_blank\">The New York Aikikai<\/a><\/h2>\t\t\t\t<\/div>\n\t\t\t\t<\/div>\n\t\t\t\t\t<\/div>\n\t\t\t\t<\/div>\n\t\t<div class=\"elementor-element elementor-element-107464a e-flex e-con-boxed e-con e-parent\" data-id=\"107464a\" data-element_type=\"container\" data-e-type=\"container\">\n\t\t\t\t\t<div class=\"e-con-inner\">\n\t\t\t\t<div class=\"elementor-element elementor-element-e067bcd elementor-widget elementor-widget-video\" data-id=\"e067bcd\" data-element_type=\"widget\" data-e-type=\"widget\" data-settings=\"{&quot;youtube_url&quot;:&quot;https:\\\/\\\/youtu.be\\\/ksGerDJYcc8&quot;,&quot;video_type&quot;:&quot;youtube&quot;,&quot;controls&quot;:&quot;yes&quot;}\" data-widget_type=\"video.default\">\n\t\t\t\t<div class=\"elementor-widget-container\">\n\t\t\t\t\t\t\t<div class=\"elementor-wrapper elementor-open-inline\">\n\t\t\t<div class=\"elementor-video\"><\/div>\t\t<\/div>\n\t\t\t\t\t\t<\/div>\n\t\t\t\t<\/div>\n\t\t\t\t\t<\/div>\n\t\t\t\t<\/div>\n\t\t\t\t<\/div>","protected":false},"excerpt":{"rendered":"<p>Yonkyo (\u56db\u6559) Yon: cuatro.Kyo: forma, modelo, ense\u00f1anza, principio. Cuarta ense\u00f1anza, es una inmovilizaci\u00f3n provocada por una presi\u00f3n que se ejerce cerca del nervio cubital, a unos 4 dedos de la mu\u00f1eca.Se controla el antebrazo de uke como si se cogiera un bokken, cerrando los dedos con firmeza, y presionando con la base del nudillo del [&hellip;]<\/p>\n","protected":false},"author":1,"featured_media":0,"parent":0,"menu_order":0,"comment_status":"closed","ping_status":"closed","template":"","meta":{"site-sidebar-layout":"no-sidebar","site-content-layout":"page-builder","ast-site-content-layout":"full-width-container","site-content-style":"default","site-sidebar-style":"default","ast-global-header-display":"","ast-banner-title-visibility":"","ast-main-header-display":"","ast-hfb-above-header-display":"","ast-hfb-below-header-display":"","ast-hfb-mobile-header-display":"","site-post-title":"disabled","ast-breadcrumbs-content":"","ast-featured-img":"disabled","footer-sml-layout":"","theme-transparent-header-meta":"","adv-header-id-meta":"","stick-header-meta":"","header-above-stick-meta":"","header-main-stick-meta":"","header-below-stick-meta":"","astra-migrate-meta-layouts":"default","ast-page-background-enabled":"default","ast-page-background-meta":{"desktop":{"background-color":"","background-image":"","background-repeat":"repeat","background-position":"center center","background-size":"auto","background-attachment":"scroll","background-type":"","background-media":"","overlay-type":"","overlay-color":"","overlay-opacity":"","overlay-gradient":""},"tablet":{"background-color":"","background-image":"","background-repeat":"repeat","background-position":"center center","background-size":"auto","background-attachment":"scroll","background-type":"","background-media":"","overlay-type":"","overlay-color":"","overlay-opacity":"","overlay-gradient":""},"mobile":{"background-color":"","background-image":"","background-repeat":"repeat","background-position":"center center","background-size":"auto","background-attachment":"scroll","background-type":"","background-media":"","overlay-type":"","overlay-color":"","overlay-opacity":"","overlay-gradient":""}},"ast-content-background-meta":{"desktop":{"background-color":"var(--ast-global-color-5)","background-image":"","background-repeat":"repeat","background-position":"center center","background-size":"auto","background-attachment":"scroll","background-type":"","background-media":"","overlay-type":"","overlay-color":"","overlay-opacity":"","overlay-gradient":""},"tablet":{"background-color":"var(--ast-global-color-5)","background-image":"","background-repeat":"repeat","background-position":"center center","background-size":"auto","background-attachment":"scroll","background-type":"","background-media":"","overlay-type":"","overlay-color":"","overlay-opacity":"","overlay-gradient":""},"mobile":{"background-color":"var(--ast-global-color-5)","background-image":"","background-repeat":"repeat","background-position":"center center","background-size":"auto","background-attachment":"scroll","background-type":"","background-media":"","overlay-type":"","overlay-color":"","overlay-opacity":"","overlay-gradient":""}},"footnotes":""},"class_list":["post-1262","page","type-page","status-publish","hentry"],"_links":{"self":[{"href":"https:\/\/shushinkanaikikai.es\/en\/wp-json\/wp\/v2\/pages\/1262","targetHints":{"allow":["GET"]}}],"collection":[{"href":"https:\/\/shushinkanaikikai.es\/en\/wp-json\/wp\/v2\/pages"}],"about":[{"href":"https:\/\/shushinkanaikikai.es\/en\/wp-json\/wp\/v2\/types\/page"}],"author":[{"embeddable":true,"href":"https:\/\/shushinkanaikikai.es\/en\/wp-json\/wp\/v2\/users\/1"}],"replies":[{"embeddable":true,"href":"https:\/\/shushinkanaikikai.es\/en\/wp-json\/wp\/v2\/comments?post=1262"}],"version-history":[{"count":10,"href":"https:\/\/shushinkanaikikai.es\/en\/wp-json\/wp\/v2\/pages\/1262\/revisions"}],"predecessor-version":[{"id":1277,"href":"https:\/\/shushinkanaikikai.es\/en\/wp-json\/wp\/v2\/pages\/1262\/revisions\/1277"}],"wp:attachment":[{"href":"https:\/\/shushinkanaikikai.es\/en\/wp-json\/wp\/v2\/media?parent=1262"}],"curies":[{"name":"wp","href":"https:\/\/api.w.org\/{rel}","templated":true}]}}