{"id":1170,"date":"2025-05-14T13:42:49","date_gmt":"2025-05-14T11:42:49","guid":{"rendered":"https:\/\/shushinkanaikikai.es\/?page_id=1170"},"modified":"2025-06-18T19:38:14","modified_gmt":"2025-06-18T17:38:14","slug":"shushinkan","status":"publish","type":"page","link":"https:\/\/shushinkanaikikai.es\/en\/shushinkan\/","title":{"rendered":"SHUSHINKAN"},"content":{"rendered":"<div data-elementor-type=\"wp-page\" data-elementor-id=\"1170\" class=\"elementor elementor-1170\">\n\t\t\t\t<div class=\"elementor-element elementor-element-4c14ebd e-flex e-con-boxed e-con e-parent\" data-id=\"4c14ebd\" data-element_type=\"container\" data-e-type=\"container\">\n\t\t\t\t\t<div class=\"e-con-inner\">\n\t\t\t\t<div class=\"elementor-element elementor-element-a3ede9c elementor-widget elementor-widget-heading\" data-id=\"a3ede9c\" data-element_type=\"widget\" data-e-type=\"widget\" data-widget_type=\"heading.default\">\n\t\t\t\t<div class=\"elementor-widget-container\">\n\t\t\t\t\t<h2 class=\"elementor-heading-title elementor-size-default\">WHO WE ARE<\/h2>\t\t\t\t<\/div>\n\t\t\t\t<\/div>\n\t\t\t\t\t<\/div>\n\t\t\t\t<\/div>\n\t\t<div class=\"elementor-element elementor-element-e1c7b41 e-flex e-con-boxed e-con e-parent\" data-id=\"e1c7b41\" data-element_type=\"container\" data-e-type=\"container\">\n\t\t\t\t\t<div class=\"e-con-inner\">\n\t\t\t\t<div class=\"elementor-element elementor-element-022033f elementor-widget elementor-widget-image-gallery\" data-id=\"022033f\" data-element_type=\"widget\" data-e-type=\"widget\" data-widget_type=\"image-gallery.default\">\n\t\t\t\t<div class=\"elementor-widget-container\">\n\t\t\t\t\t\t\t<div class=\"elementor-image-gallery\">\n\t\t\t<div id='gallery-1' class='gallery galleryid-1170 gallery-columns-2 gallery-size-medium'><figure class='gallery-item'>\n\t\t\t<div class='gallery-icon portrait'>\n\t\t\t\t<img fetchpriority=\"high\" decoding=\"async\" width=\"228\" height=\"300\" src=\"https:\/\/shushinkanaikikai.es\/wp-content\/uploads\/2025\/01\/Ueshiba-228x300.jpg\" class=\"attachment-medium size-medium\" alt=\"\" aria-describedby=\"gallery-1-793\" srcset=\"https:\/\/shushinkanaikikai.es\/wp-content\/uploads\/2025\/01\/Ueshiba-228x300.jpg 228w, https:\/\/shushinkanaikikai.es\/wp-content\/uploads\/2025\/01\/Ueshiba-768x1010.jpg 768w, https:\/\/shushinkanaikikai.es\/wp-content\/uploads\/2025\/01\/Ueshiba.jpg 779w\" sizes=\"(max-width: 228px) 100vw, 228px\" \/>\n\t\t\t<\/div>\n\t\t\t\t<figcaption class='wp-caption-text gallery-caption' id='gallery-1-793'>\n\t\t\t\tO\u00b4Sensei Morihei Ueshiba\n\t\t\t\t<\/figcaption><\/figure><figure class='gallery-item'>\n\t\t\t<div class='gallery-icon portrait'>\n\t\t\t\t<img decoding=\"async\" width=\"292\" height=\"300\" src=\"https:\/\/shushinkanaikikai.es\/wp-content\/uploads\/2025\/03\/ikkyo_o_sensei_2-292x300.jpg\" class=\"attachment-medium size-medium\" alt=\"\" aria-describedby=\"gallery-1-1035\" srcset=\"https:\/\/shushinkanaikikai.es\/wp-content\/uploads\/2025\/03\/ikkyo_o_sensei_2-292x300.jpg 292w, https:\/\/shushinkanaikikai.es\/wp-content\/uploads\/2025\/03\/ikkyo_o_sensei_2.jpg 389w\" sizes=\"(max-width: 292px) 100vw, 292px\" \/>\n\t\t\t<\/div>\n\t\t\t\t<figcaption class='wp-caption-text gallery-caption' id='gallery-1-1035'>\n\t\t\t\tO\u00b4Sensei Morihei Ueshiba\n\t\t\t\t<\/figcaption><\/figure><figure class='gallery-item'>\n\t\t\t<div class='gallery-icon landscape'>\n\t\t\t\t<img decoding=\"async\" width=\"300\" height=\"225\" src=\"https:\/\/shushinkanaikikai.es\/wp-content\/uploads\/2025\/05\/home_bandw_gallery12-300x225.jpg\" class=\"attachment-medium size-medium\" alt=\"\" aria-describedby=\"gallery-1-1181\" srcset=\"https:\/\/shushinkanaikikai.es\/wp-content\/uploads\/2025\/05\/home_bandw_gallery12-300x225.jpg 300w, https:\/\/shushinkanaikikai.es\/wp-content\/uploads\/2025\/05\/home_bandw_gallery12-768x576.jpg 768w, https:\/\/shushinkanaikikai.es\/wp-content\/uploads\/2025\/05\/home_bandw_gallery12.jpg 800w\" sizes=\"(max-width: 300px) 100vw, 300px\" \/>\n\t\t\t<\/div>\n\t\t\t\t<figcaption class='wp-caption-text gallery-caption' id='gallery-1-1181'>\n\t\t\t\tShihan Yoshimitsu Yamada 8\u00ba Dan\n\t\t\t\t<\/figcaption><\/figure><figure class='gallery-item'>\n\t\t\t<div class='gallery-icon portrait'>\n\t\t\t\t<img loading=\"lazy\" decoding=\"async\" width=\"222\" height=\"276\" src=\"https:\/\/shushinkanaikikai.es\/wp-content\/uploads\/2025\/05\/yamada10.jpg\" class=\"attachment-medium size-medium\" alt=\"\" aria-describedby=\"gallery-1-1179\" \/>\n\t\t\t<\/div>\n\t\t\t\t<figcaption class='wp-caption-text gallery-caption' id='gallery-1-1179'>\n\t\t\t\tShihan Yoshimitsu Yamada 8\u00ba Dan\n\t\t\t\t<\/figcaption><\/figure><figure class='gallery-item'>\n\t\t\t<div class='gallery-icon landscape'>\n\t\t\t\t<img loading=\"lazy\" decoding=\"async\" width=\"300\" height=\"225\" src=\"https:\/\/shushinkanaikikai.es\/wp-content\/uploads\/2025\/05\/home_bandw_gallery10-1-300x225.jpg\" class=\"attachment-medium size-medium\" alt=\"\" aria-describedby=\"gallery-1-1182\" srcset=\"https:\/\/shushinkanaikikai.es\/wp-content\/uploads\/2025\/05\/home_bandw_gallery10-1-300x225.jpg 300w, https:\/\/shushinkanaikikai.es\/wp-content\/uploads\/2025\/05\/home_bandw_gallery10-1-768x576.jpg 768w, https:\/\/shushinkanaikikai.es\/wp-content\/uploads\/2025\/05\/home_bandw_gallery10-1.jpg 800w\" sizes=\"(max-width: 300px) 100vw, 300px\" \/>\n\t\t\t<\/div>\n\t\t\t\t<figcaption class='wp-caption-text gallery-caption' id='gallery-1-1182'>\n\t\t\t\tJos\u00e9 Luis Cal\u00f3 6\u00ba Dan\n\t\t\t\t<\/figcaption><\/figure><figure class='gallery-item'>\n\t\t\t<div class='gallery-icon landscape'>\n\t\t\t\t<img loading=\"lazy\" decoding=\"async\" width=\"300\" height=\"225\" src=\"https:\/\/shushinkanaikikai.es\/wp-content\/uploads\/2025\/05\/home_bandw_gallery6-300x225.jpg\" class=\"attachment-medium size-medium\" alt=\"\" aria-describedby=\"gallery-1-1183\" srcset=\"https:\/\/shushinkanaikikai.es\/wp-content\/uploads\/2025\/05\/home_bandw_gallery6-300x225.jpg 300w, https:\/\/shushinkanaikikai.es\/wp-content\/uploads\/2025\/05\/home_bandw_gallery6-768x576.jpg 768w, https:\/\/shushinkanaikikai.es\/wp-content\/uploads\/2025\/05\/home_bandw_gallery6.jpg 800w\" sizes=\"(max-width: 300px) 100vw, 300px\" \/>\n\t\t\t<\/div>\n\t\t\t\t<figcaption class='wp-caption-text gallery-caption' id='gallery-1-1183'>\n\t\t\t\tJos\u00e9 Luis Cal\u00f3 6\u00ba Dan\n\t\t\t\t<\/figcaption><\/figure>\n\t\t<\/div>\n\t\t<\/div>\n\t\t\t\t\t\t<\/div>\n\t\t\t\t<\/div>\n\t\t\t\t\t<\/div>\n\t\t\t\t<\/div>\n\t\t<div class=\"elementor-element elementor-element-491e5f5 e-flex e-con-boxed e-con e-parent\" data-id=\"491e5f5\" data-element_type=\"container\" data-e-type=\"container\">\n\t\t\t\t\t<div class=\"e-con-inner\">\n\t\t\t\t<div class=\"elementor-element elementor-element-25d0431 elementor-widget elementor-widget-text-editor\" data-id=\"25d0431\" data-element_type=\"widget\" data-e-type=\"widget\" data-widget_type=\"text-editor.default\">\n\t\t\t\t<div class=\"elementor-widget-container\">\n\t\t\t\t\t\t\t\t\t<p><em><span style=\"text-decoration: underline;\"><a href=\"https:\/\/shushinkanaikikai.ar\/\" target=\"_blank\" rel=\"noopener\">Shushinkan Aikikai Argentina<\/a><\/span><\/em> is a non-profit entity that constitutes our Aikido School.<\/p><p>Our goal is to teach, practice, and spread Aikido in accordance with the principles and legacy of our teacher, Sensei Yoshimitsu Yamada (1938\u20132023), following the guidelines of the Aikido Central House of Japan (Hombu Dojo) and with the aim of preserving the teachings of the Founder O\u2019Sensei Morihei Ueshiba (1883\u20131969).<\/p><p>Founded on October 3, 1998 (originally called Kouma Dojo, then West Aikikai), it has a Technical Committee and an Evaluation Committee, in order to preserve the Art in a traditional manner and with a high technical level.<\/p><p>The directors of the Shushinkan Aikikai are direct students of Yamada Yoshimitsu Sensei: Jos\u00e9 Luis Cal\u00f3, 6th Dan Aikikai (president), Ezequiel Mingione, 6th Dan Aikikai (vice president), Julio Fontana, 5th Dan Aikikai (vocal), Jorge Francos (vocal), 5th Dan Aikikai and Diego Ferro, 5th Dan Aikikai (vocal).<\/p>\t\t\t\t\t\t\t\t<\/div>\n\t\t\t\t<\/div>\n\t\t\t\t\t<\/div>\n\t\t\t\t<\/div>\n\t\t\t\t<\/div>","protected":false},"excerpt":{"rendered":"<p>QUIENES SOMOS O\u00b4Sensei Morihei Ueshiba O\u00b4Sensei Morihei Ueshiba Shihan Yoshimitsu Yamada 8\u00ba Dan Shihan Yoshimitsu Yamada 8\u00ba Dan Jos\u00e9 Luis Cal\u00f3 6\u00ba Dan Jos\u00e9 Luis Cal\u00f3 6\u00ba Dan Shushinkan Aikikai Argentina es una entidad sin fines de lucro que constituye nuestra Escuela de Aikido. Nuestro objetivo es la ense\u00f1anza, pr\u00e1ctica y difusi\u00f3n del Aikido de [&hellip;]<\/p>\n","protected":false},"author":1,"featured_media":0,"parent":0,"menu_order":0,"comment_status":"closed","ping_status":"closed","template":"","meta":{"site-sidebar-layout":"no-sidebar","site-content-layout":"page-builder","ast-site-content-layout":"full-width-container","site-content-style":"unboxed","site-sidebar-style":"unboxed","ast-global-header-display":"","ast-banner-title-visibility":"","ast-main-header-display":"","ast-hfb-above-header-display":"","ast-hfb-below-header-display":"","ast-hfb-mobile-header-display":"","site-post-title":"disabled","ast-breadcrumbs-content":"","ast-featured-img":"disabled","footer-sml-layout":"","theme-transparent-header-meta":"","adv-header-id-meta":"","stick-header-meta":"","header-above-stick-meta":"","header-main-stick-meta":"","header-below-stick-meta":"","astra-migrate-meta-layouts":"set","ast-page-background-enabled":"default","ast-page-background-meta":{"desktop":{"background-color":"","background-image":"","background-repeat":"repeat","background-position":"center center","background-size":"auto","background-attachment":"scroll","background-type":"","background-media":"","overlay-type":"","overlay-color":"","overlay-opacity":"","overlay-gradient":""},"tablet":{"background-color":"","background-image":"","background-repeat":"repeat","background-position":"center center","background-size":"auto","background-attachment":"scroll","background-type":"","background-media":"","overlay-type":"","overlay-color":"","overlay-opacity":"","overlay-gradient":""},"mobile":{"background-color":"","background-image":"","background-repeat":"repeat","background-position":"center center","background-size":"auto","background-attachment":"scroll","background-type":"","background-media":"","overlay-type":"","overlay-color":"","overlay-opacity":"","overlay-gradient":""}},"ast-content-background-meta":{"desktop":{"background-color":"var(--ast-global-color-5)","background-image":"","background-repeat":"repeat","background-position":"center center","background-size":"auto","background-attachment":"scroll","background-type":"","background-media":"","overlay-type":"","overlay-color":"","overlay-opacity":"","overlay-gradient":""},"tablet":{"background-color":"var(--ast-global-color-5)","background-image":"","background-repeat":"repeat","background-position":"center center","background-size":"auto","background-attachment":"scroll","background-type":"","background-media":"","overlay-type":"","overlay-color":"","overlay-opacity":"","overlay-gradient":""},"mobile":{"background-color":"var(--ast-global-color-5)","background-image":"","background-repeat":"repeat","background-position":"center center","background-size":"auto","background-attachment":"scroll","background-type":"","background-media":"","overlay-type":"","overlay-color":"","overlay-opacity":"","overlay-gradient":""}},"footnotes":""},"class_list":["post-1170","page","type-page","status-publish","hentry"],"_links":{"self":[{"href":"https:\/\/shushinkanaikikai.es\/en\/wp-json\/wp\/v2\/pages\/1170","targetHints":{"allow":["GET"]}}],"collection":[{"href":"https:\/\/shushinkanaikikai.es\/en\/wp-json\/wp\/v2\/pages"}],"about":[{"href":"https:\/\/shushinkanaikikai.es\/en\/wp-json\/wp\/v2\/types\/page"}],"author":[{"embeddable":true,"href":"https:\/\/shushinkanaikikai.es\/en\/wp-json\/wp\/v2\/users\/1"}],"replies":[{"embeddable":true,"href":"https:\/\/shushinkanaikikai.es\/en\/wp-json\/wp\/v2\/comments?post=1170"}],"version-history":[{"count":17,"href":"https:\/\/shushinkanaikikai.es\/en\/wp-json\/wp\/v2\/pages\/1170\/revisions"}],"predecessor-version":[{"id":1203,"href":"https:\/\/shushinkanaikikai.es\/en\/wp-json\/wp\/v2\/pages\/1170\/revisions\/1203"}],"wp:attachment":[{"href":"https:\/\/shushinkanaikikai.es\/en\/wp-json\/wp\/v2\/media?parent=1170"}],"curies":[{"name":"wp","href":"https:\/\/api.w.org\/{rel}","templated":true}]}}