{"id":1015,"date":"2025-03-19T19:12:37","date_gmt":"2025-03-19T18:12:37","guid":{"rendered":"https:\/\/shushinkanaikikai.es\/?page_id=1015"},"modified":"2025-08-05T18:01:47","modified_gmt":"2025-08-05T16:01:47","slug":"elementor-pagina-1015","status":"publish","type":"page","link":"https:\/\/shushinkanaikikai.es\/en\/elementor-pagina-1015\/","title":{"rendered":"IKKYO"},"content":{"rendered":"<div data-elementor-type=\"wp-page\" data-elementor-id=\"1015\" class=\"elementor elementor-1015\">\n\t\t\t\t<div class=\"elementor-element elementor-element-b357649 e-flex e-con-boxed e-con e-parent\" data-id=\"b357649\" data-element_type=\"container\" data-e-type=\"container\">\n\t\t\t\t\t<div class=\"e-con-inner\">\n\t\t\t\t<div class=\"elementor-element elementor-element-fa1e751 elementor-widget elementor-widget-heading\" data-id=\"fa1e751\" data-element_type=\"widget\" data-e-type=\"widget\" data-widget_type=\"heading.default\">\n\t\t\t\t<div class=\"elementor-widget-container\">\n\t\t\t\t\t<h2 class=\"elementor-heading-title elementor-size-default\">Ikkyo (\u4e00\u6559)<\/h2>\t\t\t\t<\/div>\n\t\t\t\t<\/div>\n\t\t\t\t\t<\/div>\n\t\t\t\t<\/div>\n\t\t<div class=\"elementor-element elementor-element-9b05b35 e-flex e-con-boxed e-con e-parent\" data-id=\"9b05b35\" data-element_type=\"container\" data-e-type=\"container\">\n\t\t\t\t\t<div class=\"e-con-inner\">\n\t\t\t\t<div class=\"elementor-element elementor-element-e0b923a elementor-widget elementor-widget-text-editor\" data-id=\"e0b923a\" data-element_type=\"widget\" data-e-type=\"widget\" data-widget_type=\"text-editor.default\">\n\t\t\t\t<div class=\"elementor-widget-container\">\n\t\t\t\t\t\t\t\t\t<p><strong>Ik<\/strong>: primero.<br \/><strong>Kyo<\/strong>Kyo: form, model, teaching, principle.<\/p>\t\t\t\t\t\t\t\t<\/div>\n\t\t\t\t<\/div>\n\t\t\t\t\t<\/div>\n\t\t\t\t<\/div>\n\t\t<div class=\"elementor-element elementor-element-dd874c9 e-grid e-con-boxed e-con e-parent\" data-id=\"dd874c9\" data-element_type=\"container\" data-e-type=\"container\">\n\t\t\t\t\t<div class=\"e-con-inner\">\n\t\t\t\t<div class=\"elementor-element elementor-element-890a968 elementor-widget elementor-widget-image\" data-id=\"890a968\" data-element_type=\"widget\" data-e-type=\"widget\" data-widget_type=\"image.default\">\n\t\t\t\t<div class=\"elementor-widget-container\">\n\t\t\t\t\t\t\t\t\t\t\t\t\t\t\t<img fetchpriority=\"high\" decoding=\"async\" width=\"470\" height=\"260\" src=\"https:\/\/shushinkanaikikai.es\/wp-content\/uploads\/2025\/03\/ikkyo.jpg\" class=\"attachment-medium_large size-medium_large wp-image-1026\" alt=\"\" srcset=\"https:\/\/shushinkanaikikai.es\/wp-content\/uploads\/2025\/03\/ikkyo.jpg 470w, https:\/\/shushinkanaikikai.es\/wp-content\/uploads\/2025\/03\/ikkyo-300x166.jpg 300w\" sizes=\"(max-width: 470px) 100vw, 470px\" \/>\t\t\t\t\t\t\t\t\t\t\t\t\t\t\t<\/div>\n\t\t\t\t<\/div>\n\t\t\t\t<div class=\"elementor-element elementor-element-6128f97 elementor-widget elementor-widget-text-editor\" data-id=\"6128f97\" data-element_type=\"widget\" data-e-type=\"widget\" data-widget_type=\"text-editor.default\">\n\t\t\t\t<div class=\"elementor-widget-container\">\n\t\t\t\t\t\t\t\t\t<p>Literally the first teaching, it is indeed the first of the control techniques, although it is far from being the simplest.<\/p>\t\t\t\t\t\t\t\t<\/div>\n\t\t\t\t<\/div>\n\t\t\t\t\t<\/div>\n\t\t\t\t<\/div>\n\t\t<div class=\"elementor-element elementor-element-c6491fa e-flex e-con-boxed e-con e-parent\" data-id=\"c6491fa\" data-element_type=\"container\" data-e-type=\"container\">\n\t\t\t\t\t<div class=\"e-con-inner\">\n\t\t\t\t<div class=\"elementor-element elementor-element-83468c6 elementor-widget elementor-widget-heading\" data-id=\"83468c6\" data-element_type=\"widget\" data-e-type=\"widget\" data-widget_type=\"heading.default\">\n\t\t\t\t<div class=\"elementor-widget-container\">\n\t\t\t\t\t<h2 class=\"elementor-heading-title elementor-size-default\">In O'Sensei's words:\n\"Iriminage, Shihonage: 10 years of practice. Ikkyo: a lifetime.\"<\/h2>\t\t\t\t<\/div>\n\t\t\t\t<\/div>\n\t\t\t\t\t<\/div>\n\t\t\t\t<\/div>\n\t\t<div class=\"elementor-element elementor-element-09513d0 e-flex e-con-boxed e-con e-parent\" data-id=\"09513d0\" data-element_type=\"container\" data-e-type=\"container\">\n\t\t\t\t\t<div class=\"e-con-inner\">\n\t\t\t\t<div class=\"elementor-element elementor-element-1b630e3 elementor-widget elementor-widget-image\" data-id=\"1b630e3\" data-element_type=\"widget\" data-e-type=\"widget\" data-widget_type=\"image.default\">\n\t\t\t\t<div class=\"elementor-widget-container\">\n\t\t\t\t\t\t\t\t\t\t\t\t\t\t\t<img decoding=\"async\" width=\"500\" height=\"486\" src=\"https:\/\/shushinkanaikikai.es\/wp-content\/uploads\/2025\/03\/ikkyo2.jpg\" class=\"attachment-large size-large wp-image-1027\" alt=\"\" srcset=\"https:\/\/shushinkanaikikai.es\/wp-content\/uploads\/2025\/03\/ikkyo2.jpg 500w, https:\/\/shushinkanaikikai.es\/wp-content\/uploads\/2025\/03\/ikkyo2-300x292.jpg 300w\" sizes=\"(max-width: 500px) 100vw, 500px\" \/>\t\t\t\t\t\t\t\t\t\t\t\t\t\t\t<\/div>\n\t\t\t\t<\/div>\n\t\t\t\t\t<\/div>\n\t\t\t\t<\/div>\n\t\t<div class=\"elementor-element elementor-element-a530339 e-flex e-con-boxed e-con e-parent\" data-id=\"a530339\" data-element_type=\"container\" data-e-type=\"container\">\n\t\t\t\t\t<div class=\"e-con-inner\">\n\t\t\t\t<div class=\"elementor-element elementor-element-e2a35d7 elementor-widget elementor-widget-text-editor\" data-id=\"e2a35d7\" data-element_type=\"widget\" data-e-type=\"widget\" data-widget_type=\"text-editor.default\">\n\t\t\t\t<div class=\"elementor-widget-container\">\n\t\t\t\t\t\t\t\t\t<p>From a technical standpoint, Ikkyo neutralizes an attack by holding uke's elbow, but, as with the other techniques, it doesn't fight against the partner's line of force. This isn't a painful hold, but it works very well for keeping uke immobilized.<\/p>\t\t\t\t\t\t\t\t<\/div>\n\t\t\t\t<\/div>\n\t\t\t\t\t<\/div>\n\t\t\t\t<\/div>\n\t\t<div class=\"elementor-element elementor-element-50be2b1 e-flex e-con-boxed e-con e-parent\" data-id=\"50be2b1\" data-element_type=\"container\" data-e-type=\"container\">\n\t\t\t\t\t<div class=\"e-con-inner\">\n\t\t\t\t<div class=\"elementor-element elementor-element-dc793c8 elementor-widget elementor-widget-text-editor\" data-id=\"dc793c8\" data-element_type=\"widget\" data-e-type=\"widget\" data-widget_type=\"text-editor.default\">\n\t\t\t\t<div class=\"elementor-widget-container\">\n\t\t\t\t\t\t\t\t\t<p>This technique is crucial to the development of an aikidoka. Nobuyoshi Tamura stated that Ikkyo is the \u201cfoundation of all techniques; all techniques begin there\u2026and return there.\u201d<\/p>\t\t\t\t\t\t\t\t<\/div>\n\t\t\t\t<\/div>\n\t\t\t\t\t<\/div>\n\t\t\t\t<\/div>\n\t\t<div class=\"elementor-element elementor-element-0eda917 e-grid e-con-boxed e-con e-parent\" data-id=\"0eda917\" data-element_type=\"container\" data-e-type=\"container\">\n\t\t\t\t\t<div class=\"e-con-inner\">\n\t\t\t\t<div class=\"elementor-element elementor-element-b130926 elementor-widget elementor-widget-image\" data-id=\"b130926\" data-element_type=\"widget\" data-e-type=\"widget\" data-widget_type=\"image.default\">\n\t\t\t\t<div class=\"elementor-widget-container\">\n\t\t\t\t\t\t\t\t\t\t\t\t\t\t\t<img decoding=\"async\" width=\"389\" height=\"400\" src=\"https:\/\/shushinkanaikikai.es\/wp-content\/uploads\/2025\/03\/ikkyo_o_sensei_2.jpg\" class=\"attachment-medium_large size-medium_large wp-image-1035\" alt=\"\" srcset=\"https:\/\/shushinkanaikikai.es\/wp-content\/uploads\/2025\/03\/ikkyo_o_sensei_2.jpg 389w, https:\/\/shushinkanaikikai.es\/wp-content\/uploads\/2025\/03\/ikkyo_o_sensei_2-292x300.jpg 292w\" sizes=\"(max-width: 389px) 100vw, 389px\" \/>\t\t\t\t\t\t\t\t\t\t\t\t\t\t\t<\/div>\n\t\t\t\t<\/div>\n\t\t\t\t<div class=\"elementor-element elementor-element-d9092ef elementor-widget elementor-widget-text-editor\" data-id=\"d9092ef\" data-element_type=\"widget\" data-e-type=\"widget\" data-widget_type=\"text-editor.default\">\n\t\t\t\t<div class=\"elementor-widget-container\">\n\t\t\t\t\t\t\t\t\t<p>Applying Ikkyo requires complete awareness of one's own and opponent's centers, as well as the point of contact; we are the ones who decide when and how this occurs.<\/p>\t\t\t\t\t\t\t\t<\/div>\n\t\t\t\t<\/div>\n\t\t\t\t\t<\/div>\n\t\t\t\t<\/div>\n\t\t<div class=\"elementor-element elementor-element-fc23013 e-grid e-con-boxed e-con e-parent\" data-id=\"fc23013\" data-element_type=\"container\" data-e-type=\"container\">\n\t\t\t\t\t<div class=\"e-con-inner\">\n\t\t\t\t<div class=\"elementor-element elementor-element-ef5c740 elementor-widget elementor-widget-text-editor\" data-id=\"ef5c740\" data-element_type=\"widget\" data-e-type=\"widget\" data-widget_type=\"text-editor.default\">\n\t\t\t\t<div class=\"elementor-widget-container\">\n\t\t\t\t\t\t\t\t\t<p>Ikkyo was defined by O Sensei as an important lesson in communication, with the following words:<\/p>\t\t\t\t\t\t\t\t<\/div>\n\t\t\t\t<\/div>\n\t\t\t\t<div class=\"elementor-element elementor-element-e5dbb56 elementor-widget elementor-widget-text-editor\" data-id=\"e5dbb56\" data-element_type=\"widget\" data-e-type=\"widget\" data-widget_type=\"text-editor.default\">\n\t\t\t\t<div class=\"elementor-widget-container\">\n\t\t\t\t\t\t\t\t\t<p><em>\u201cIf the opponent attacks openly and decisively, he will continue forward. This is an important lesson in communication. If communication stops, the movement ends. If one changes position after the attack has begun, and the opponent doesn't adapt to the change, the omission means death. One will find oneself beyond his reach, while he will offer an opening at his most vulnerable moment. Uke must follow the movement, trying to read the opponent's position. It is his only chance.\u201d<\/em><\/p>\t\t\t\t\t\t\t\t<\/div>\n\t\t\t\t<\/div>\n\t\t\t\t\t<\/div>\n\t\t\t\t<\/div>\n\t\t<div class=\"elementor-element elementor-element-0ec7353 e-flex e-con-boxed e-con e-parent\" data-id=\"0ec7353\" data-element_type=\"container\" data-e-type=\"container\">\n\t\t\t\t\t<div class=\"e-con-inner\">\n\t\t\t\t<div class=\"elementor-element elementor-element-0246de1 elementor-widget elementor-widget-text-editor\" data-id=\"0246de1\" data-element_type=\"widget\" data-e-type=\"widget\" data-widget_type=\"text-editor.default\">\n\t\t\t\t<div class=\"elementor-widget-container\">\n\t\t\t\t\t\t\t\t\t<p>Therefore, it is necessary for both tori and uke to listen carefully to each other's movements. If the expression is not sincere or we don't maintain the process of connection (communication), our movement will stop or we will fail to adapt to our training partner's actions, and this will put us in a vulnerable position.<br \/>.<br \/>When practicing Ikkyo, we will frequently encounter a feeling of clashing or struggling that arises when our technique does not fully merge with the attack, or when we are not stable and relaxed enough to redirect the attack's energy firmly but gently.<br \/>.<br \/>In our daily lives, we'll experience these sensations in a conflict or argument; we'll feel like we're pushing or fighting. In these cases, the foundations that allow us to resolve our communication conflicts are exactly the same ones that allow us to develop our Ikkyo.<\/p>\t\t\t\t\t\t\t\t<\/div>\n\t\t\t\t<\/div>\n\t\t\t\t\t<\/div>\n\t\t\t\t<\/div>\n\t\t<div class=\"elementor-element elementor-element-29278c3 e-flex e-con-boxed e-con e-parent\" data-id=\"29278c3\" data-element_type=\"container\" data-e-type=\"container\">\n\t\t\t\t\t<div class=\"e-con-inner\">\n\t\t\t\t<div class=\"elementor-element elementor-element-a3f57b7 elementor-widget elementor-widget-heading\" data-id=\"a3f57b7\" data-element_type=\"widget\" data-e-type=\"widget\" data-widget_type=\"heading.default\">\n\t\t\t\t<div class=\"elementor-widget-container\">\n\t\t\t\t\t<h2 class=\"elementor-heading-title elementor-size-default\">The New York Aikikai<\/h2>\t\t\t\t<\/div>\n\t\t\t\t<\/div>\n\t\t\t\t\t<\/div>\n\t\t\t\t<\/div>\n\t\t<div class=\"elementor-element elementor-element-65bb8b2 e-flex e-con-boxed e-con e-parent\" data-id=\"65bb8b2\" data-element_type=\"container\" data-e-type=\"container\">\n\t\t\t\t\t<div class=\"e-con-inner\">\n\t\t\t\t<div class=\"elementor-element elementor-element-de382cf elementor-widget elementor-widget-video\" data-id=\"de382cf\" data-element_type=\"widget\" data-e-type=\"widget\" data-settings=\"{&quot;youtube_url&quot;:&quot;https:\\\/\\\/youtu.be\\\/SVdY3AwlH_w&quot;,&quot;video_type&quot;:&quot;youtube&quot;,&quot;controls&quot;:&quot;yes&quot;}\" data-widget_type=\"video.default\">\n\t\t\t\t<div class=\"elementor-widget-container\">\n\t\t\t\t\t\t\t<div class=\"elementor-wrapper elementor-open-inline\">\n\t\t\t<div class=\"elementor-video\"><\/div>\t\t<\/div>\n\t\t\t\t\t\t<\/div>\n\t\t\t\t<\/div>\n\t\t\t\t\t<\/div>\n\t\t\t\t<\/div>\n\t\t<div class=\"elementor-element elementor-element-6d92b22 e-flex e-con-boxed e-con e-parent\" data-id=\"6d92b22\" data-element_type=\"container\" data-e-type=\"container\">\n\t\t\t\t\t<div class=\"e-con-inner\">\n\t\t\t\t<div class=\"elementor-element elementor-element-2e461dc elementor-widget elementor-widget-text-editor\" data-id=\"2e461dc\" data-element_type=\"widget\" data-e-type=\"widget\" data-widget_type=\"text-editor.default\">\n\t\t\t\t<div class=\"elementor-widget-container\">\n\t\t\t\t\t\t\t\t\t<p>Regarding our attitude in approaching Ikkyo, O Sensei said that.<\/p><p><br \/><em>\u201cWhen you wake up each morning, your mind should be open, free from the events of the previous day, and in this way you should approach each Ikkyo.\u201d<\/em><\/p><p>This statement reflects the concept of Shoshin. Ikkyo teaches us to communicate honestly and to constantly see the world through fresh eyes.<\/p>\t\t\t\t\t\t\t\t<\/div>\n\t\t\t\t<\/div>\n\t\t\t\t\t<\/div>\n\t\t\t\t<\/div>\n\t\t<div class=\"elementor-element elementor-element-8948aee e-flex e-con-boxed e-con e-parent\" data-id=\"8948aee\" data-element_type=\"container\" data-e-type=\"container\">\n\t\t\t\t\t<div class=\"e-con-inner\">\n\t\t\t\t<div class=\"elementor-element elementor-element-c459353 elementor-widget elementor-widget-video\" data-id=\"c459353\" data-element_type=\"widget\" data-e-type=\"widget\" data-settings=\"{&quot;youtube_url&quot;:&quot;https:\\\/\\\/youtu.be\\\/SrASNrLi7uI&quot;,&quot;video_type&quot;:&quot;youtube&quot;,&quot;controls&quot;:&quot;yes&quot;}\" data-widget_type=\"video.default\">\n\t\t\t\t<div class=\"elementor-widget-container\">\n\t\t\t\t\t\t\t<div class=\"elementor-wrapper elementor-open-inline\">\n\t\t\t<div class=\"elementor-video\"><\/div>\t\t<\/div>\n\t\t\t\t\t\t<\/div>\n\t\t\t\t<\/div>\n\t\t\t\t\t<\/div>\n\t\t\t\t<\/div>\n\t\t\t\t<\/div>","protected":false},"excerpt":{"rendered":"<p>Ikkyo (\u4e00\u6559) Ik: primero.Kyo: forma, modelo, ense\u00f1anza, principio. Literalmente primera ense\u00f1anza, se trata efectivamente de la primera de las t\u00e9cnicas de control, aunque est\u00e1 lejos de ser la m\u00e1s simple. En palabras de O\u00b4Sensei: \u201cIriminage, Shihonage: 10 a\u00f1os de pr\u00e1ctica. Ikkyo: toda una vida\u201d Desde el punto de vista t\u00e9cnico, Ikkyo neutraliza un ataque mediante [&hellip;]<\/p>\n","protected":false},"author":1,"featured_media":0,"parent":0,"menu_order":0,"comment_status":"closed","ping_status":"closed","template":"","meta":{"site-sidebar-layout":"no-sidebar","site-content-layout":"page-builder","ast-site-content-layout":"full-width-container","site-content-style":"default","site-sidebar-style":"default","ast-global-header-display":"","ast-banner-title-visibility":"","ast-main-header-display":"","ast-hfb-above-header-display":"","ast-hfb-below-header-display":"","ast-hfb-mobile-header-display":"","site-post-title":"disabled","ast-breadcrumbs-content":"","ast-featured-img":"disabled","footer-sml-layout":"","theme-transparent-header-meta":"","adv-header-id-meta":"","stick-header-meta":"","header-above-stick-meta":"","header-main-stick-meta":"","header-below-stick-meta":"","astra-migrate-meta-layouts":"default","ast-page-background-enabled":"default","ast-page-background-meta":{"desktop":{"background-color":"","background-image":"","background-repeat":"repeat","background-position":"center center","background-size":"auto","background-attachment":"scroll","background-type":"","background-media":"","overlay-type":"","overlay-color":"","overlay-opacity":"","overlay-gradient":""},"tablet":{"background-color":"","background-image":"","background-repeat":"repeat","background-position":"center center","background-size":"auto","background-attachment":"scroll","background-type":"","background-media":"","overlay-type":"","overlay-color":"","overlay-opacity":"","overlay-gradient":""},"mobile":{"background-color":"","background-image":"","background-repeat":"repeat","background-position":"center center","background-size":"auto","background-attachment":"scroll","background-type":"","background-media":"","overlay-type":"","overlay-color":"","overlay-opacity":"","overlay-gradient":""}},"ast-content-background-meta":{"desktop":{"background-color":"var(--ast-global-color-5)","background-image":"","background-repeat":"repeat","background-position":"center center","background-size":"auto","background-attachment":"scroll","background-type":"","background-media":"","overlay-type":"","overlay-color":"","overlay-opacity":"","overlay-gradient":""},"tablet":{"background-color":"var(--ast-global-color-5)","background-image":"","background-repeat":"repeat","background-position":"center center","background-size":"auto","background-attachment":"scroll","background-type":"","background-media":"","overlay-type":"","overlay-color":"","overlay-opacity":"","overlay-gradient":""},"mobile":{"background-color":"var(--ast-global-color-5)","background-image":"","background-repeat":"repeat","background-position":"center center","background-size":"auto","background-attachment":"scroll","background-type":"","background-media":"","overlay-type":"","overlay-color":"","overlay-opacity":"","overlay-gradient":""}},"footnotes":""},"class_list":["post-1015","page","type-page","status-publish","hentry"],"_links":{"self":[{"href":"https:\/\/shushinkanaikikai.es\/en\/wp-json\/wp\/v2\/pages\/1015","targetHints":{"allow":["GET"]}}],"collection":[{"href":"https:\/\/shushinkanaikikai.es\/en\/wp-json\/wp\/v2\/pages"}],"about":[{"href":"https:\/\/shushinkanaikikai.es\/en\/wp-json\/wp\/v2\/types\/page"}],"author":[{"embeddable":true,"href":"https:\/\/shushinkanaikikai.es\/en\/wp-json\/wp\/v2\/users\/1"}],"replies":[{"embeddable":true,"href":"https:\/\/shushinkanaikikai.es\/en\/wp-json\/wp\/v2\/comments?post=1015"}],"version-history":[{"count":23,"href":"https:\/\/shushinkanaikikai.es\/en\/wp-json\/wp\/v2\/pages\/1015\/revisions"}],"predecessor-version":[{"id":1398,"href":"https:\/\/shushinkanaikikai.es\/en\/wp-json\/wp\/v2\/pages\/1015\/revisions\/1398"}],"wp:attachment":[{"href":"https:\/\/shushinkanaikikai.es\/en\/wp-json\/wp\/v2\/media?parent=1015"}],"curies":[{"name":"wp","href":"https:\/\/api.w.org\/{rel}","templated":true}]}}